{"id":233,"date":"2023-12-05T11:40:41","date_gmt":"2023-12-05T11:40:41","guid":{"rendered":"https:\/\/prj-cinema.md-staging.com\/westwindpm\/?page_id=233"},"modified":"2024-03-26T12:20:25","modified_gmt":"2024-03-26T12:20:25","slug":"about","status":"publish","type":"page","link":"https:\/\/www.westwindpm.com\/es\/about","title":{"rendered":"About West Wind Public Markets | Swap Meets &amp; Flea Markets"},"content":{"rendered":"\n<div class=\"wp-block-group faq-main-outer\"><div class=\"wp-block-group__inner-container is-layout-constrained wp-block-group-is-layout-constrained\">\n<div class=\"wp-block-group container\"><div class=\"wp-block-group__inner-container is-layout-constrained wp-block-group-is-layout-constrained\">\n<div class=\"wp-block-columns main-content-area-clms is-layout-flex wp-container-core-columns-is-layout-9d6595d7 wp-block-columns-is-layout-flex\">\n<div class=\"wp-block-column is-layout-flow wp-block-column-is-layout-flow\">\n<h1 class=\"wp-block-heading\" id=\"h-acerca-de-nosotros\">Acerca de Nosotros<\/h1>\n\n\n\n<p>Una Aventura te espera en Las Pulgas de West Wind. Examinado detenidamente, nuestros divertidos y alegres mercados tienen diversi\u00f3n, moda, comida, hallazgos \u00fanicos, y mucho m\u00e1s. Explora filas y filas de vendedores ofreciendo a la venta todo tipo de cosas incluyendo frutas y verduras frescas, ropa a precio accesible, accesorios para aparatos electr\u00f3nicos, antig\u00fcedades intrigantes, cosas para el hogar y muchas muchas cosas mas \u2013 toda la variedad que te puedas imaginar.<\/p>\n\n\n\n<p>Pasa por nuestra cafeter\u00eda para recargar las energ\u00edas con una deliciosa comida hecha a la orden. Ya sea que tengas ganas de un burrito de desayuno, antojitos aut\u00e9nticos de taquer\u00eda, hot dogs 100% de res, pizza de queso, o una cerveza helada, tenemos todo cubierto.<\/p>\n\n\n\n<p>Mientras buscas tesoros, disfruta del ambiente festivo, m\u00fasica en vivo y un ambiente acogedor. El horario consistente de West Wind y la calidad de sus vendedores hace que sea una comunidad amistosa y una experiencia llena de diversi\u00f3n. &nbsp;Es la mejor manera de pasar tu d\u00eda \u2013 sin tener que gastar mucho.<\/p>\n<\/div>\n<\/div>\n<\/div><\/div>\n<\/div><\/div>\n","protected":false},"excerpt":{"rendered":"<p>Acerca de Nosotros Una Aventura te espera en Las Pulgas de West Wind. Examinado detenidamente, nuestros divertidos y alegres mercados tienen diversi\u00f3n, moda, comida, hallazgos \u00fanicos, y mucho m\u00e1s. Explora filas y filas de vendedores ofreciendo a la venta todo tipo de cosas incluyendo frutas y verduras frescas, ropa a precio accesible, accesorios para aparatos [&hellip;]<\/p>\n","protected":false},"author":29,"featured_media":0,"parent":0,"menu_order":0,"comment_status":"closed","ping_status":"closed","template":"","meta":{"_acf_changed":false,"footnotes":""},"class_list":["post-233","page","type-page","status-publish","hentry"],"acf":[],"yoast_head":"<!-- This site is optimized with the Yoast SEO Premium plugin v22.4 (Yoast SEO v27.3) - https:\/\/yoast.com\/product\/yoast-seo-premium-wordpress\/ -->\n<title>About West Wind Public Markets | Swap Meets &amp; Flea Markets<\/title>\n<meta name=\"description\" content=\"Learn all about what makes West Wind Public Markets the perfect way to spend the day.\" \/>\n<meta name=\"robots\" content=\"index, follow, max-snippet:-1, max-image-preview:large, max-video-preview:-1\" \/>\n<link rel=\"canonical\" href=\"https:\/\/www.westwindpm.com\/es\/about\" \/>\n<meta property=\"og:locale\" content=\"en_US\" \/>\n<meta property=\"og:type\" content=\"article\" \/>\n<meta property=\"og:title\" content=\"About West Wind Public Markets | Swap Meets &amp; Flea Markets\" \/>\n<meta property=\"og:description\" content=\"Learn all about what makes West Wind Public Markets the perfect way to spend the day.\" \/>\n<meta property=\"og:url\" content=\"https:\/\/www.westwindpm.com\/es\/about\" \/>\n<meta property=\"og:site_name\" content=\"West Wind Public Market Spanish\" \/>\n<meta property=\"article:modified_time\" content=\"2024-03-26T12:20:25+00:00\" \/>\n<meta name=\"twitter:card\" content=\"summary_large_image\" \/>\n<meta name=\"twitter:label1\" content=\"Est. reading time\" \/>\n\t<meta name=\"twitter:data1\" content=\"1 minute\" \/>\n<script type=\"application\/ld+json\" class=\"yoast-schema-graph\">{\"@context\":\"https:\\\/\\\/schema.org\",\"@graph\":[{\"@type\":\"WebPage\",\"@id\":\"https:\\\/\\\/www.westwindpm.com\\\/es\\\/about\",\"url\":\"https:\\\/\\\/www.westwindpm.com\\\/es\\\/about\",\"name\":\"About West Wind Public Markets | Swap Meets & Flea Markets\",\"isPartOf\":{\"@id\":\"https:\\\/\\\/www.westwindpm.com\\\/es\\\/#website\"},\"datePublished\":\"2023-12-05T11:40:41+00:00\",\"dateModified\":\"2024-03-26T12:20:25+00:00\",\"description\":\"Learn all about what makes West Wind Public Markets the perfect way to spend the day.\",\"breadcrumb\":{\"@id\":\"https:\\\/\\\/www.westwindpm.com\\\/es\\\/about#breadcrumb\"},\"inLanguage\":\"en-US\",\"potentialAction\":[{\"@type\":\"ReadAction\",\"target\":[\"https:\\\/\\\/www.westwindpm.com\\\/es\\\/about\"]}]},{\"@type\":\"BreadcrumbList\",\"@id\":\"https:\\\/\\\/www.westwindpm.com\\\/es\\\/about#breadcrumb\",\"itemListElement\":[{\"@type\":\"ListItem\",\"position\":1,\"name\":\"Home\",\"item\":\"https:\\\/\\\/www.westwindpm.com\\\/es\\\/\"},{\"@type\":\"ListItem\",\"position\":2,\"name\":\"About West Wind Public Markets | Swap Meets &amp; Flea Markets\"}]},{\"@type\":\"WebSite\",\"@id\":\"https:\\\/\\\/www.westwindpm.com\\\/es\\\/#website\",\"url\":\"https:\\\/\\\/www.westwindpm.com\\\/es\\\/\",\"name\":\"West Wind Public Market Spanish\",\"description\":\"\",\"publisher\":{\"@id\":\"https:\\\/\\\/www.westwindpm.com\\\/es\\\/#organization\"},\"potentialAction\":[{\"@type\":\"SearchAction\",\"target\":{\"@type\":\"EntryPoint\",\"urlTemplate\":\"https:\\\/\\\/www.westwindpm.com\\\/es\\\/?s={search_term_string}\"},\"query-input\":{\"@type\":\"PropertyValueSpecification\",\"valueRequired\":true,\"valueName\":\"search_term_string\"}}],\"inLanguage\":\"en-US\"},{\"@type\":\"Organization\",\"@id\":\"https:\\\/\\\/www.westwindpm.com\\\/es\\\/#organization\",\"name\":\"West Wind Public Market Spanish\",\"url\":\"https:\\\/\\\/www.westwindpm.com\\\/es\\\/\",\"logo\":{\"@type\":\"ImageObject\",\"inLanguage\":\"en-US\",\"@id\":\"https:\\\/\\\/www.westwindpm.com\\\/es\\\/#\\\/schema\\\/logo\\\/image\\\/\",\"url\":\"https:\\\/\\\/www.westwindpm.com\\\/es\\\/wp-content\\\/uploads\\\/sites\\\/7\\\/2024\\\/01\\\/westwind_pm_web.svg\",\"contentUrl\":\"https:\\\/\\\/www.westwindpm.com\\\/es\\\/wp-content\\\/uploads\\\/sites\\\/7\\\/2024\\\/01\\\/westwind_pm_web.svg\",\"caption\":\"West Wind Public Market Spanish\"},\"image\":{\"@id\":\"https:\\\/\\\/www.westwindpm.com\\\/es\\\/#\\\/schema\\\/logo\\\/image\\\/\"}}]}<\/script>\n<!-- \/ Yoast SEO Premium plugin. -->","yoast_head_json":{"title":"About West Wind Public Markets | Swap Meets & Flea Markets","description":"Learn all about what makes West Wind Public Markets the perfect way to spend the day.","robots":{"index":"index","follow":"follow","max-snippet":"max-snippet:-1","max-image-preview":"max-image-preview:large","max-video-preview":"max-video-preview:-1"},"canonical":"https:\/\/www.westwindpm.com\/es\/about","og_locale":"en_US","og_type":"article","og_title":"About West Wind Public Markets | Swap Meets &amp; Flea Markets","og_description":"Learn all about what makes West Wind Public Markets the perfect way to spend the day.","og_url":"https:\/\/www.westwindpm.com\/es\/about","og_site_name":"West Wind Public Market Spanish","article_modified_time":"2024-03-26T12:20:25+00:00","twitter_card":"summary_large_image","twitter_misc":{"Est. reading time":"1 minute"},"schema":{"@context":"https:\/\/schema.org","@graph":[{"@type":"WebPage","@id":"https:\/\/www.westwindpm.com\/es\/about","url":"https:\/\/www.westwindpm.com\/es\/about","name":"About West Wind Public Markets | Swap Meets & Flea Markets","isPartOf":{"@id":"https:\/\/www.westwindpm.com\/es\/#website"},"datePublished":"2023-12-05T11:40:41+00:00","dateModified":"2024-03-26T12:20:25+00:00","description":"Learn all about what makes West Wind Public Markets the perfect way to spend the day.","breadcrumb":{"@id":"https:\/\/www.westwindpm.com\/es\/about#breadcrumb"},"inLanguage":"en-US","potentialAction":[{"@type":"ReadAction","target":["https:\/\/www.westwindpm.com\/es\/about"]}]},{"@type":"BreadcrumbList","@id":"https:\/\/www.westwindpm.com\/es\/about#breadcrumb","itemListElement":[{"@type":"ListItem","position":1,"name":"Home","item":"https:\/\/www.westwindpm.com\/es\/"},{"@type":"ListItem","position":2,"name":"About West Wind Public Markets | Swap Meets &amp; Flea Markets"}]},{"@type":"WebSite","@id":"https:\/\/www.westwindpm.com\/es\/#website","url":"https:\/\/www.westwindpm.com\/es\/","name":"West Wind Public Market Spanish","description":"","publisher":{"@id":"https:\/\/www.westwindpm.com\/es\/#organization"},"potentialAction":[{"@type":"SearchAction","target":{"@type":"EntryPoint","urlTemplate":"https:\/\/www.westwindpm.com\/es\/?s={search_term_string}"},"query-input":{"@type":"PropertyValueSpecification","valueRequired":true,"valueName":"search_term_string"}}],"inLanguage":"en-US"},{"@type":"Organization","@id":"https:\/\/www.westwindpm.com\/es\/#organization","name":"West Wind Public Market Spanish","url":"https:\/\/www.westwindpm.com\/es\/","logo":{"@type":"ImageObject","inLanguage":"en-US","@id":"https:\/\/www.westwindpm.com\/es\/#\/schema\/logo\/image\/","url":"https:\/\/www.westwindpm.com\/es\/wp-content\/uploads\/sites\/7\/2024\/01\/westwind_pm_web.svg","contentUrl":"https:\/\/www.westwindpm.com\/es\/wp-content\/uploads\/sites\/7\/2024\/01\/westwind_pm_web.svg","caption":"West Wind Public Market Spanish"},"image":{"@id":"https:\/\/www.westwindpm.com\/es\/#\/schema\/logo\/image\/"}}]}},"parsely":{"version":"1.1.0","canonical_url":"https:\/\/es.westwindpm.com\/es\/about","smart_links":{"inbound":0,"outbound":0},"traffic_boost_suggestions_count":0,"meta":{"@context":"https:\/\/schema.org","@type":"WebPage","headline":"About West Wind Public Markets | Swap Meets &amp; Flea Markets","url":"http:\/\/www.westwindpm.com\/es\/about","mainEntityOfPage":{"@type":"WebPage","@id":"http:\/\/www.westwindpm.com\/es\/about"},"thumbnailUrl":"","image":{"@type":"ImageObject","url":""},"articleSection":"Uncategorized","author":[{"@type":"Person","name":"maniscalco"}],"creator":["maniscalco"],"publisher":{"@type":"Organization","name":"West Wind Public Market Spanish","logo":""},"keywords":[],"dateCreated":"2023-12-05T11:40:41Z","datePublished":"2023-12-05T11:40:41Z","dateModified":"2024-03-26T12:20:25Z"},"rendered":"<script type=\"application\/ld+json\" class=\"wp-parsely-metadata\">{\"@context\":\"https:\\\/\\\/schema.org\",\"@type\":\"WebPage\",\"headline\":\"About West Wind Public Markets | Swap Meets &amp; Flea Markets\",\"url\":\"http:\\\/\\\/www.westwindpm.com\\\/es\\\/about\",\"mainEntityOfPage\":{\"@type\":\"WebPage\",\"@id\":\"http:\\\/\\\/www.westwindpm.com\\\/es\\\/about\"},\"thumbnailUrl\":\"\",\"image\":{\"@type\":\"ImageObject\",\"url\":\"\"},\"articleSection\":\"Uncategorized\",\"author\":[{\"@type\":\"Person\",\"name\":\"maniscalco\"}],\"creator\":[\"maniscalco\"],\"publisher\":{\"@type\":\"Organization\",\"name\":\"West Wind Public Market Spanish\",\"logo\":\"\"},\"keywords\":[],\"dateCreated\":\"2023-12-05T11:40:41Z\",\"datePublished\":\"2023-12-05T11:40:41Z\",\"dateModified\":\"2024-03-26T12:20:25Z\"}<\/script>","tracker_url":"https:\/\/cdn.parsely.com\/keys\/es.westwindpm.com\/p.js"},"jetpack_sharing_enabled":true,"_links":{"self":[{"href":"https:\/\/www.westwindpm.com\/es\/wp-json\/wp\/v2\/pages\/233","targetHints":{"allow":["GET"]}}],"collection":[{"href":"https:\/\/www.westwindpm.com\/es\/wp-json\/wp\/v2\/pages"}],"about":[{"href":"https:\/\/www.westwindpm.com\/es\/wp-json\/wp\/v2\/types\/page"}],"author":[{"embeddable":true,"href":"https:\/\/www.westwindpm.com\/es\/wp-json\/wp\/v2\/users\/29"}],"replies":[{"embeddable":true,"href":"https:\/\/www.westwindpm.com\/es\/wp-json\/wp\/v2\/comments?post=233"}],"version-history":[{"count":5,"href":"https:\/\/www.westwindpm.com\/es\/wp-json\/wp\/v2\/pages\/233\/revisions"}],"predecessor-version":[{"id":2189,"href":"https:\/\/www.westwindpm.com\/es\/wp-json\/wp\/v2\/pages\/233\/revisions\/2189"}],"wp:attachment":[{"href":"https:\/\/www.westwindpm.com\/es\/wp-json\/wp\/v2\/media?parent=233"}],"curies":[{"name":"wp","href":"https:\/\/api.w.org\/{rel}","templated":true}]}}