{"id":211,"date":"2023-12-05T09:45:08","date_gmt":"2023-12-05T09:45:08","guid":{"rendered":"https:\/\/prj-cinema.md-staging.com\/westwindpm\/?page_id=211"},"modified":"2024-03-26T12:20:25","modified_gmt":"2024-03-26T12:20:25","slug":"contact","status":"publish","type":"page","link":"https:\/\/www.westwindpm.com\/es\/contact","title":{"rendered":"Contact"},"content":{"rendered":"\n<div style=\"height:50px\" aria-hidden=\"true\" class=\"wp-block-spacer\"><\/div>\n\n\n\n<div class=\"wp-block-cover is-light common-outer slim-container\"><span aria-hidden=\"true\" class=\"wp-block-cover__background has-background-dim-0 has-background-dim\"><\/span><div class=\"wp-block-cover__inner-container is-layout-constrained wp-block-cover-is-layout-constrained\">\n<div class=\"wp-block-group container\"><div class=\"wp-block-group__inner-container is-layout-constrained wp-block-group-is-layout-constrained\">\n<div class=\"wp-block-columns main-content-area-clms is-layout-flex wp-container-core-columns-is-layout-9d6595d7 wp-block-columns-is-layout-flex\">\n<div class=\"wp-block-column is-layout-flow wp-block-column-is-layout-flow\">\n<div style=\"height:30px\" aria-hidden=\"true\" class=\"wp-block-spacer\"><\/div>\n\n\n\n<h1 class=\"wp-block-heading\" id=\"h-contactenos\">Cont\u00e1ctenos<\/h1>\n\n\n\n<h2 class=\"wp-block-heading\" id=\"h-todas-las-ubicaciones-de-drive-in-estan-abiertas-los-7-dias-de-la-semana\" style=\"font-size:1.5rem\">Todas las ubicaciones de Drive-In est\u00e1n abiertas los 7 d\u00edas de la semana<\/h2>\n\n\n\n<p style=\"font-size:18px\">\u00bfTiene alguna pregunta que no est\u00e9 cubierta en nuestras preguntas <a href=\"https:\/\/www.westwindpm.com\/es\/about-us\/faq\/\">frecuentes<\/a>? \u00bfQuieres compartir tu experiencia, darnos tu opini\u00f3n o hacer una solicitud especial? \u00a1Nos encantar\u00eda saber de usted! En West Wind Drive-In, no hay nada que valoremos m\u00e1s que nuestros clientes. Env\u00ede sus comentarios a continuaci\u00f3n y nos comunicaremos con usted lo antes posible.<\/p>\n\n\n\n<h2 class=\"wp-block-heading\" id=\"h-autocine-west-wind-para-grupos\" style=\"font-size:1.5rem\">Autocine West Wind para grupos<\/h2>\n\n\n\n<p style=\"font-size:18px\">\u00bfTienes un grupo grande que quiere unirse a la diversi\u00f3n juntos? Podemos hacer arreglos para que entren temprano y estacionen juntos. \u00a1Es una oportunidad perfecta para clubes de autos y grandes celebraciones! Cont\u00e1ctenos a continuaci\u00f3n para obtener m\u00e1s informaci\u00f3n.<\/p>\n\n\n\n<p style=\"font-size:18px\">\u00bfInteresado en alquilar una pantalla para una pel\u00edcula de su elecci\u00f3n? \u00a1Nosotros podemos hacer eso tambi\u00e9n! Por una tarifa adicional, podemos organizar una visita especial solo para usted, sujeta a disponibilidad. Cont\u00e1ctenos a continuaci\u00f3n para obtener m\u00e1s informaci\u00f3n; incluya la fecha, la pel\u00edcula y el tama\u00f1o de su grupo.<\/p>\n\n\n\n<h2 class=\"wp-block-heading\" id=\"h-todas-las-ubicaciones-de-drive-in-estan-abiertas-los-7-dias-de-la-semana-0\" style=\"font-size:1.5rem\">Todas las ubicaciones de Drive-In est\u00e1n abiertas los 7 d\u00edas de la semana<\/h2>\n\n\n\t\t<div class= \"wp-block-contact-form \">\n\t\t\t\t\t\t\n\t\t\t\t<form id=\"form_1848\" name=\"form_1848\" class=\"contact-form\" action=\"https:\/\/www.westwindpm.com\/es\/contact\" method=\"POST\" enctype=\"multipart\/form-data\">\n\t\t\t\t<input type=\"hidden\" id=\"form_sitekey\" value=\"6LfTWa8pAAAAABH8mO4JHttsx3k-nkBoNgT2uSrc\">\n\t\t\t\t<input type=\"hidden\" name=\"form_id\" value=\"1848\">\n\t\t\t\t<input type=\"hidden\" name=\"page_url\" value=\"https:\/\/www.westwindpm.com\/es\/contact\">\n\t\t\t\t<input type=\"hidden\" name=\"referer_url\" value=\"\">\n\t\t\t\t<input type=\"hidden\" name=\"contact_page_id\" value=\"211\">\n\t\t\t\t<input type=\"hidden\" name=\"action\" value=\"contact_form_response\">\n\t\t\t\t<input type=\"hidden\" name=\"ccf_submit_nonce\" value=\"bede7c648a\">\n\t\t\t\t\t\t\t\t\t\t\t\t<div class=\"field-wrap required first-name\">\n\t\t\t\t\t\t\t\t\t<div class=\"field-container\">\n\t\t\t\t\t\t\t\t\t\t<label class=\"field-label\" for=\"first-name\"><span>*<\/span>Nombre<\/label>\n\t\t\t\t\t\t\t\t\t\t                                                                                                                                                                    <input type=\"text\" name=\"first-name\" id=\"first-name\" value=\"\">\n\t\t\t\t\t\t\t\t\t\t                                                                                \t\t\t\t\t\t\t\t\t<\/div>\n\t\t\t\t\t\t\t\t<\/div>\n\t\t\t\t\t\t\t\t\t\t\t\t\t\t\t<div class=\"field-wrap required last-name\">\n\t\t\t\t\t\t\t\t\t<div class=\"field-container\">\n\t\t\t\t\t\t\t\t\t\t<label class=\"field-label\" for=\"last-name\"><span>*<\/span>Apellido<\/label>\n\t\t\t\t\t\t\t\t\t\t                                                                                                                                                                    <input type=\"text\" name=\"last-name\" id=\"last-name\" value=\"\">\n\t\t\t\t\t\t\t\t\t\t                                                                                \t\t\t\t\t\t\t\t\t<\/div>\n\t\t\t\t\t\t\t\t<\/div>\n\t\t\t\t\t\t\t\t\t\t\t\t\t\t\t<div class=\"field-wrap required email-address\">\n\t\t\t\t\t\t\t\t\t<div class=\"field-container\">\n\t\t\t\t\t\t\t\t\t\t<label class=\"field-label\" for=\"email-address\"><span>*<\/span>Correo Electr\u00f3nico<\/label>\n\t\t\t\t\t\t\t\t\t\t                                                                                                                                                                    <input type=\"email\" name=\"email-address\" id=\"email-address\" value=\"\">\n\t\t\t\t\t\t\t\t\t\t                                                                                \t\t\t\t\t\t\t\t\t<\/div>\n\t\t\t\t\t\t\t\t<\/div>\n\t\t\t\t\t\t\t\t\t\t\t\t\t\t\t<div class=\"field-wrap required phone-number\">\n\t\t\t\t\t\t\t\t\t<div class=\"field-container\">\n\t\t\t\t\t\t\t\t\t\t<label class=\"field-label\" for=\"phone-number\"><span>*<\/span>Celular<\/label>\n\t\t\t\t\t\t\t\t\t\t                                                                                                                                                                    <input type=\"mobile-number\" name=\"phone-number\" id=\"phone-number\" value=\"\">\n\t\t\t\t\t\t\t\t\t\t                                                                                \t\t\t\t\t\t\t\t\t<\/div>\n\t\t\t\t\t\t\t\t<\/div>\n\t\t\t\t\t\t\t\t\t\t\t\t\t\t\t\t<div class=\"field-wrap location\">\n\t\t\t\t\t\t\t\t\t\t\t<div class=\"field-container\">\n\t\t\t\t\t\t\t\t\t\t\t\t<label class=\"field-label\" for=\"location\">Localidade<\/label>\n\t\t\t\t\t\t\t\t\t\t\t\t<select name=\"location\" id=\"location\">\n\t\t\t\t\t\t\t\t\t\t\t\t\t\t\t\t\t\t\t\t\t\t\t\t\t\t<option value=\"Glendale, AZ\" >Glendale, AZ<\/option>\n\t\t\t\t\t\t\t\t\t\t\t\t\t\t\t\t\t\t\t\t\t\t\t\t\t\t\t<option value=\"San Jose, CA\" >San Jose, CA<\/option>\n\t\t\t\t\t\t\t\t\t\t\t\t\t\t\t\t\t\t\t\t\t\t\t\t\t\t\t<option value=\"Oakland, CA\" >Oakland, CA<\/option>\n\t\t\t\t\t\t\t\t\t\t\t\t\t\t\t\t\t\t\t\t\t\t\t\t\t\t\t<option value=\"Reno, NV\" >Reno, NV<\/option>\n\t\t\t\t\t\t\t\t\t\t\t\t\t\t\t\t\t\t\t\t\t\t\t\t\t\t\t<option value=\"Santa Barbara, CA\" >Santa Barbara, CA<\/option>\n\t\t\t\t\t\t\t\t\t\t\t\t\t\t\t\t\t\t\t\t\t\t\t\t\t\t\t<option value=\"Concord, CA\" >Concord, CA<\/option>\n\t\t\t\t\t\t\t\t\t\t\t\t\t\t\t\t\t\t\t\t\t\t\t\t\t<\/select>\n\t\t\t\t\t\t\t\t\t\t\t<\/div>\n\t\t\t\t\t\t\t\t\t<\/div>\n\t\t\t\t\t\t\t\t\t\t\t\t\t\t\t\t<div class=\"field-wrap required number-of-cars-you-expect\">\n\t\t\t\t\t\t\t\t\t<div class=\"field-container\">\n\t\t\t\t\t\t\t\t\t\t<label class=\"field-label\" for=\"number-of-cars-you-expect\"><span>*<\/span>Number of Cars You Expect<\/label>\n\t\t\t\t\t\t\t\t\t\t                                                                                                                                                                    <input type=\"text\" name=\"number-of-cars-you-expect\" id=\"number-of-cars-you-expect\" value=\"\">\n\t\t\t\t\t\t\t\t\t\t                                                                                \t\t\t\t\t\t\t\t\t<\/div>\n\t\t\t\t\t\t\t\t<\/div>\n\t\t\t\t\t\t\t\t\t\t\t\t\t\t\t<div class=\"field-wrap comments\">\n\t\t\t\t\t\t\t\t\t<div class=\"field-container\">\n\t\t\t\t\t\t\t\t\t\t<label class=\"field-label\" for=\"comments\">Comentarios<\/label>\n\t\t\t\t\t\t\t\t\t\t<textarea type=\"textarea\"rows=\"4\" class=\"form-control\" name=\"comments\" id=\"comments\"><\/textarea>\n\t\t\t\t\t\t\t\t\t<\/div>\n\t\t\t\t\t\t\t\t<\/div>\n\t\t\t\t\t\t\t\t\t\t\t\t\t\t<div class=\"field-wrap google-captcha col-sm-12\">\n\t\t\t\t\t\t\t\t<div class=\"field-container\">\n\t\t\t\t\t\t\t\t\t<div class=\"captcha-field\" id=\"captcha-field\">\n\t\t\t\t\t\t\t\t\t<\/div>\n\t\t\t\t\t\t\t\t<\/div>\n\t\t\t\t\t\t\t<\/div>\n\t\t\t\t\t\t\t\t\t\t\t\t\t\t\t<div class=\"button-wrap\">\n\t\t\t\t\t\t\t\t\t\t\t\t\t\t\t<button type=\"submit\" value=\"Enviar\" id=\"submit\" name=\"submit\" class=\"button btn btn-default\">Enviar\t\t\t\t\t\t\t\t\t\t\t\t\t\t<\/button>\n\t\t\t\t\t\t\t\t\t\t\t\t\t\t\t<\/div>\n\t\t\t\t\t\t\t\t\t\t\t\t<\/form>\n\t\t\t\t\t\t<\/div>\n\t\t<\/div>\n<\/div>\n<\/div><\/div>\n<\/div><\/div>\n","protected":false},"excerpt":{"rendered":"","protected":false},"author":29,"featured_media":0,"parent":0,"menu_order":0,"comment_status":"closed","ping_status":"closed","template":"","meta":{"_acf_changed":false,"footnotes":""},"class_list":["post-211","page","type-page","status-publish","hentry"],"acf":[],"yoast_head":"<!-- This site is optimized with the Yoast SEO Premium plugin v22.4 (Yoast SEO v27.3) - https:\/\/yoast.com\/product\/yoast-seo-premium-wordpress\/ -->\n<title>Contact Us | West Wind Public Market<\/title>\n<meta name=\"robots\" content=\"index, follow, max-snippet:-1, max-image-preview:large, max-video-preview:-1\" \/>\n<link rel=\"canonical\" href=\"https:\/\/www.westwindpm.com\/es\/contact\" \/>\n<meta property=\"og:locale\" content=\"en_US\" \/>\n<meta property=\"og:type\" content=\"article\" \/>\n<meta property=\"og:title\" content=\"Contact\" \/>\n<meta property=\"og:url\" content=\"https:\/\/www.westwindpm.com\/es\/contact\" \/>\n<meta property=\"og:site_name\" content=\"West Wind Public Market Spanish\" \/>\n<meta property=\"article:modified_time\" content=\"2024-03-26T12:20:25+00:00\" \/>\n<meta name=\"twitter:card\" content=\"summary_large_image\" \/>\n<meta name=\"twitter:label1\" content=\"Est. reading time\" \/>\n\t<meta name=\"twitter:data1\" content=\"1 minute\" \/>\n<script type=\"application\/ld+json\" class=\"yoast-schema-graph\">{\"@context\":\"https:\\\/\\\/schema.org\",\"@graph\":[{\"@type\":\"WebPage\",\"@id\":\"https:\\\/\\\/www.westwindpm.com\\\/es\\\/contact\",\"url\":\"https:\\\/\\\/www.westwindpm.com\\\/es\\\/contact\",\"name\":\"Contact Us | West Wind Public Market\",\"isPartOf\":{\"@id\":\"https:\\\/\\\/www.westwindpm.com\\\/es\\\/#website\"},\"datePublished\":\"2023-12-05T09:45:08+00:00\",\"dateModified\":\"2024-03-26T12:20:25+00:00\",\"breadcrumb\":{\"@id\":\"https:\\\/\\\/www.westwindpm.com\\\/es\\\/contact#breadcrumb\"},\"inLanguage\":\"en-US\",\"potentialAction\":[{\"@type\":\"ReadAction\",\"target\":[\"https:\\\/\\\/www.westwindpm.com\\\/es\\\/contact\"]}]},{\"@type\":\"BreadcrumbList\",\"@id\":\"https:\\\/\\\/www.westwindpm.com\\\/es\\\/contact#breadcrumb\",\"itemListElement\":[{\"@type\":\"ListItem\",\"position\":1,\"name\":\"Home\",\"item\":\"https:\\\/\\\/www.westwindpm.com\\\/es\\\/\"},{\"@type\":\"ListItem\",\"position\":2,\"name\":\"Contact\"}]},{\"@type\":\"WebSite\",\"@id\":\"https:\\\/\\\/www.westwindpm.com\\\/es\\\/#website\",\"url\":\"https:\\\/\\\/www.westwindpm.com\\\/es\\\/\",\"name\":\"West Wind Public Market Spanish\",\"description\":\"\",\"publisher\":{\"@id\":\"https:\\\/\\\/www.westwindpm.com\\\/es\\\/#organization\"},\"potentialAction\":[{\"@type\":\"SearchAction\",\"target\":{\"@type\":\"EntryPoint\",\"urlTemplate\":\"https:\\\/\\\/www.westwindpm.com\\\/es\\\/?s={search_term_string}\"},\"query-input\":{\"@type\":\"PropertyValueSpecification\",\"valueRequired\":true,\"valueName\":\"search_term_string\"}}],\"inLanguage\":\"en-US\"},{\"@type\":\"Organization\",\"@id\":\"https:\\\/\\\/www.westwindpm.com\\\/es\\\/#organization\",\"name\":\"West Wind Public Market Spanish\",\"url\":\"https:\\\/\\\/www.westwindpm.com\\\/es\\\/\",\"logo\":{\"@type\":\"ImageObject\",\"inLanguage\":\"en-US\",\"@id\":\"https:\\\/\\\/www.westwindpm.com\\\/es\\\/#\\\/schema\\\/logo\\\/image\\\/\",\"url\":\"https:\\\/\\\/www.westwindpm.com\\\/es\\\/wp-content\\\/uploads\\\/sites\\\/7\\\/2024\\\/01\\\/westwind_pm_web.svg\",\"contentUrl\":\"https:\\\/\\\/www.westwindpm.com\\\/es\\\/wp-content\\\/uploads\\\/sites\\\/7\\\/2024\\\/01\\\/westwind_pm_web.svg\",\"caption\":\"West Wind Public Market Spanish\"},\"image\":{\"@id\":\"https:\\\/\\\/www.westwindpm.com\\\/es\\\/#\\\/schema\\\/logo\\\/image\\\/\"}}]}<\/script>\n<!-- \/ Yoast SEO Premium plugin. -->","yoast_head_json":{"title":"Contact Us | West Wind Public Market","robots":{"index":"index","follow":"follow","max-snippet":"max-snippet:-1","max-image-preview":"max-image-preview:large","max-video-preview":"max-video-preview:-1"},"canonical":"https:\/\/www.westwindpm.com\/es\/contact","og_locale":"en_US","og_type":"article","og_title":"Contact","og_url":"https:\/\/www.westwindpm.com\/es\/contact","og_site_name":"West Wind Public Market Spanish","article_modified_time":"2024-03-26T12:20:25+00:00","twitter_card":"summary_large_image","twitter_misc":{"Est. reading time":"1 minute"},"schema":{"@context":"https:\/\/schema.org","@graph":[{"@type":"WebPage","@id":"https:\/\/www.westwindpm.com\/es\/contact","url":"https:\/\/www.westwindpm.com\/es\/contact","name":"Contact Us | West Wind Public Market","isPartOf":{"@id":"https:\/\/www.westwindpm.com\/es\/#website"},"datePublished":"2023-12-05T09:45:08+00:00","dateModified":"2024-03-26T12:20:25+00:00","breadcrumb":{"@id":"https:\/\/www.westwindpm.com\/es\/contact#breadcrumb"},"inLanguage":"en-US","potentialAction":[{"@type":"ReadAction","target":["https:\/\/www.westwindpm.com\/es\/contact"]}]},{"@type":"BreadcrumbList","@id":"https:\/\/www.westwindpm.com\/es\/contact#breadcrumb","itemListElement":[{"@type":"ListItem","position":1,"name":"Home","item":"https:\/\/www.westwindpm.com\/es\/"},{"@type":"ListItem","position":2,"name":"Contact"}]},{"@type":"WebSite","@id":"https:\/\/www.westwindpm.com\/es\/#website","url":"https:\/\/www.westwindpm.com\/es\/","name":"West Wind Public Market Spanish","description":"","publisher":{"@id":"https:\/\/www.westwindpm.com\/es\/#organization"},"potentialAction":[{"@type":"SearchAction","target":{"@type":"EntryPoint","urlTemplate":"https:\/\/www.westwindpm.com\/es\/?s={search_term_string}"},"query-input":{"@type":"PropertyValueSpecification","valueRequired":true,"valueName":"search_term_string"}}],"inLanguage":"en-US"},{"@type":"Organization","@id":"https:\/\/www.westwindpm.com\/es\/#organization","name":"West Wind Public Market Spanish","url":"https:\/\/www.westwindpm.com\/es\/","logo":{"@type":"ImageObject","inLanguage":"en-US","@id":"https:\/\/www.westwindpm.com\/es\/#\/schema\/logo\/image\/","url":"https:\/\/www.westwindpm.com\/es\/wp-content\/uploads\/sites\/7\/2024\/01\/westwind_pm_web.svg","contentUrl":"https:\/\/www.westwindpm.com\/es\/wp-content\/uploads\/sites\/7\/2024\/01\/westwind_pm_web.svg","caption":"West Wind Public Market Spanish"},"image":{"@id":"https:\/\/www.westwindpm.com\/es\/#\/schema\/logo\/image\/"}}]}},"parsely":{"version":"1.1.0","canonical_url":"https:\/\/es.westwindpm.com\/es\/contact","smart_links":{"inbound":0,"outbound":0},"traffic_boost_suggestions_count":0,"meta":{"@context":"https:\/\/schema.org","@type":"WebPage","headline":"Contact","url":"http:\/\/www.westwindpm.com\/es\/contact","mainEntityOfPage":{"@type":"WebPage","@id":"http:\/\/www.westwindpm.com\/es\/contact"},"thumbnailUrl":"","image":{"@type":"ImageObject","url":""},"articleSection":"Uncategorized","author":[{"@type":"Person","name":"maniscalco"}],"creator":["maniscalco"],"publisher":{"@type":"Organization","name":"West Wind Public Market Spanish","logo":""},"keywords":[],"dateCreated":"2023-12-05T09:45:08Z","datePublished":"2023-12-05T09:45:08Z","dateModified":"2024-03-26T12:20:25Z"},"rendered":"<script type=\"application\/ld+json\" class=\"wp-parsely-metadata\">{\"@context\":\"https:\\\/\\\/schema.org\",\"@type\":\"WebPage\",\"headline\":\"Contact\",\"url\":\"http:\\\/\\\/www.westwindpm.com\\\/es\\\/contact\",\"mainEntityOfPage\":{\"@type\":\"WebPage\",\"@id\":\"http:\\\/\\\/www.westwindpm.com\\\/es\\\/contact\"},\"thumbnailUrl\":\"\",\"image\":{\"@type\":\"ImageObject\",\"url\":\"\"},\"articleSection\":\"Uncategorized\",\"author\":[{\"@type\":\"Person\",\"name\":\"maniscalco\"}],\"creator\":[\"maniscalco\"],\"publisher\":{\"@type\":\"Organization\",\"name\":\"West Wind Public Market Spanish\",\"logo\":\"\"},\"keywords\":[],\"dateCreated\":\"2023-12-05T09:45:08Z\",\"datePublished\":\"2023-12-05T09:45:08Z\",\"dateModified\":\"2024-03-26T12:20:25Z\"}<\/script>","tracker_url":"https:\/\/cdn.parsely.com\/keys\/es.westwindpm.com\/p.js"},"jetpack_sharing_enabled":true,"_links":{"self":[{"href":"https:\/\/www.westwindpm.com\/es\/wp-json\/wp\/v2\/pages\/211","targetHints":{"allow":["GET"]}}],"collection":[{"href":"https:\/\/www.westwindpm.com\/es\/wp-json\/wp\/v2\/pages"}],"about":[{"href":"https:\/\/www.westwindpm.com\/es\/wp-json\/wp\/v2\/types\/page"}],"author":[{"embeddable":true,"href":"https:\/\/www.westwindpm.com\/es\/wp-json\/wp\/v2\/users\/29"}],"replies":[{"embeddable":true,"href":"https:\/\/www.westwindpm.com\/es\/wp-json\/wp\/v2\/comments?post=211"}],"version-history":[{"count":13,"href":"https:\/\/www.westwindpm.com\/es\/wp-json\/wp\/v2\/pages\/211\/revisions"}],"predecessor-version":[{"id":2069,"href":"https:\/\/www.westwindpm.com\/es\/wp-json\/wp\/v2\/pages\/211\/revisions\/2069"}],"wp:attachment":[{"href":"https:\/\/www.westwindpm.com\/es\/wp-json\/wp\/v2\/media?parent=211"}],"curies":[{"name":"wp","href":"https:\/\/api.w.org\/{rel}","templated":true}]}}