{"id":2104,"date":"2024-01-29T07:03:01","date_gmt":"2024-01-29T07:03:01","guid":{"rendered":"https:\/\/sites.santacruzcinema.com\/westwindpm\/es\/?page_id=2104"},"modified":"2024-03-26T12:20:28","modified_gmt":"2024-03-26T12:20:28","slug":"concord-ca","status":"publish","type":"page","link":"https:\/\/www.westwindpm.com\/es\/locations\/concord-ca","title":{"rendered":"Concord, CA"},"content":{"rendered":"\t\t<style>\n\t\t\tsection.Westwindpm-hero-banner{\n\t\t\t\tbackground-image: url('https:\/\/www.westwindpm.com\/es\/wp-content\/uploads\/sites\/7\/2024\/03\/Concord.jpg ');\n\t\t\t\tmin-height: 637px\t\t\t}\n\t\t\t\/* @media (max-width: 481px){\n\t\t\t\tsection.Westwindpm-hero-banner{\n\t\t\t\t\tbackground-image: url('https:\/\/www.westwindpm.com\/es\/wp-content\/uploads\/sites\/7\/2024\/03\/Concord.jpg ');\n\t\t\t\t} *\/\n\t\t\t}\n\t\t<\/style>\n\t\t<section class=\"Westwindpm-hero-banner \">\n\t\t\t<div class=\"for-responsive\">\n\t\t\t\t<img loading=\"lazy\" decoding=\"async\" src=\"https:\/\/www.westwindpm.com\/es\/wp-content\/uploads\/sites\/7\/2024\/03\/Concord.jpg\" height=\"400\" width=\"480\" alt=\"mobile-img\">\n\t\t\t<\/div>\n\t\t\t<div class='container'>\n\t\t\t\t<div class='hero-banner-inner'>\n\t\t\t\t\t\t\t\t\t\t\t<h1 class=\"heading\" style=\"color:#a11f21;font-size:\">MERCADO DE CONCORDA<\/h1>\n\t\t\t\t\t\t\t\t\t\t\t\t<p class=\"content\" style=\"color:#000000;font-size:\">productos frescos<\/p>\n\t\t\t\t\t\t\t\t\t\t<\/div>\n\t\t\t<\/div>\t\n\t\t<\/section>\n\t\t\n\n\n<div class=\"wp-block-group westwindpm-main-content-outer\"><div class=\"wp-block-group__inner-container is-layout-constrained wp-block-group-is-layout-constrained\">\n<div class=\"wp-block-group container\"><div class=\"wp-block-group__inner-container is-layout-constrained wp-block-group-is-layout-constrained\">\n<h2 class=\"wp-block-heading has-text-align-center\" id=\"seller-section\">Informaci\u00f3n del vendedor<\/h2>\n\n\n\n<div class=\"wp-block-columns mt-40 is-layout-flex wp-container-core-columns-is-layout-9d6595d7 wp-block-columns-is-layout-flex\">\n<div class=\"wp-block-column is-layout-flow wp-block-column-is-layout-flow\">\n<h3 class=\"wp-block-heading\">Horas de configuraci\u00f3n del vendedor<\/h3>\n\n\n\n<p>S\u00e1bado<br>6:00am &#8211; 11:00am<\/p>\n\n\n\n<p>Domingo<br>5:30am &#8211; 11:00am<\/p>\n\n\n\n<h3 class=\"wp-block-heading\" id=\"h-horas-de-venta\">Horas de venta<\/h3>\n\n\n\n<p>S\u00e1bado<br>6:00am &#8211; 3:00pm<\/p>\n\n\n\n<p>Domingo<br>6:00am &#8211; 4:00pm<\/p>\n\n\n\n<h3 class=\"wp-block-heading\" id=\"h-alquiler-de-espacios-para-vendedores\">Alquiler de espacios para vendedores<\/h3>\n\n\n\n<p>Tama\u00f1o t\u00edpico de espacio normal 18&#8242; x 18&#8242;<\/p>\n\n\n\n<div class=\"wp-block-buttons is-layout-flex wp-block-buttons-is-layout-flex\">\n<div class=\"wp-block-button\"><a class=\"wp-block-button__link has-background wp-element-button\" href=\"https:\/\/www.westwindpm.com\/es\/wp-content\/uploads\/sites\/7\/2024\/03\/SolanoConcordMap.pdf\" style=\"background-color:#1a3555\" target=\"_blank\" rel=\"noreferrer noopener\">MAPA DE LOCALIZACI\u00d3N<\/a><\/div>\n\n\n\n<div class=\"wp-block-button\"><a class=\"wp-block-button__link has-background wp-element-button\" href=\"https:\/\/www.westwindpm.com\/es\/wp-content\/uploads\/sites\/7\/2024\/03\/TerminosCondiciones.pdf\" style=\"background-color:#1a3555\" target=\"_blank\" rel=\"noreferrer noopener\">T\u00c9RMINOS<\/a><\/div>\n<\/div>\n\n\n\n<h3 class=\"wp-block-heading\" id=\"h-contactos-importantes\">Contactos importantes<\/h3>\n\n\n\n<p>Gerente general:<br>Erin Keikoan-Ziegler<br>1611 Solano Way.<br>Concord, CA 94520<br>(925) 687-6445<br><a href=\"mailto:gm_solano@150pelican.com\">gm_solano@150pelican.com<\/a><\/p>\n\n\n\n<p>Para obtener una licencia fiscal estatal de \u201creventa\u201d, comun\u00edquese con:<br>STATE BOARD OF EQUALIZATION<br>1515 Clay St., Suite 303<br>Oakland, CA 94612<br>www.boe.ca.gov<br>(510) 622-4100<\/p>\n<\/div>\n\n\n\n<div class=\"wp-block-column is-layout-flow wp-block-column-is-layout-flow\">\n<h3 class=\"wp-block-heading\" id=\"h-reservas-anuales\">Reservas Anuales<\/h3>\n\n\n\n<p>Yearly reservations are available at the end of the year at our annual auction. Sellers must participate in the auction and purchase reservation rights for specific spaces. Registration notices are posted in the fall. A State of California \u201cResale\u201d Tax License is required to participate in the annual auction (see below for contact information).<\/p>\n\n\n\n<h3 class=\"wp-block-heading\" id=\"h-reserva-mensual\">Reserva Mensual<\/h3>\n\n\n\n<p>Las reservaciones mensuales para los s\u00e1bados cuestan $20 por mes, m\u00e1s $15 por cada s\u00e1bado. Las reservaciones mensuales de los domingos cuestan $100 por mes, m\u00e1s $23 por cada domingo. Se pueden realizar nuevas reservas mensuales a partir del primer domingo del mes y solo duran ese mes. Los vendedores deben obtener una licencia fiscal de \u201creventa\u201d del estado de California (consulte la informaci\u00f3n de contacto a continuaci\u00f3n).<\/p>\n\n\n\n<h3 class=\"wp-block-heading\" id=\"h-precios-diarios-del-vendedor\">Precios diarios del vendedor<\/h3>\n\n\n\n<p>S\u00e1bado<\/p>\n\n\n\n<p>$20 &#8211; Espacio regular para vendedores no reservados<\/p>\n\n\n\n<p>Domingo<\/p>\n\n\n\n<p>$25 &#8211; Espacio regular para vendedores reservados<br>$30 &#8211; Espacio regular para vendedores sin reserva<\/p>\n\n\n\n<p>Reservado Mensual<br>Domingo $125 por mes<\/p>\n<\/div>\n<\/div>\n\n\n\n<div style=\"height:50px\" aria-hidden=\"true\" class=\"wp-block-spacer\"><\/div>\n\n\n\n<h2 class=\"wp-block-heading has-text-align-center\" id=\"shopper-section\">Informaci\u00f3n del comprador<\/h2>\n\n\n\n<div style=\"height:20px\" aria-hidden=\"true\" class=\"wp-block-spacer\"><\/div>\n\n\n\n<h2 class=\"wp-block-heading\">VISITE EL MERCADO DE PULGAS DE SOLANO PARA OFERTAS, COMIDA FRESCA Y DIVERSI\u00d3N FAMILIAR<\/h2>\n\n\n\n<div class=\"wp-block-media-text is-stacked-on-mobile is-vertically-aligned-top mt-40 set-lazy-loading lctn-clms\"><figure class=\"wp-block-media-text__media\"><img loading=\"lazy\" decoding=\"async\" width=\"1408\" height=\"1105\" src=\"https:\/\/www.westwindpm.com\/es\/wp-content\/uploads\/sites\/7\/2024\/01\/f3554d2d7af8f8df02b907519db84ff0.jpeg?w=1024\" alt=\"\" class=\"wp-image-1900 size-full\" srcset=\"https:\/\/www.westwindpm.com\/es\/wp-content\/uploads\/sites\/7\/2024\/01\/f3554d2d7af8f8df02b907519db84ff0.jpeg 1408w, https:\/\/www.westwindpm.com\/es\/wp-content\/uploads\/sites\/7\/2024\/01\/f3554d2d7af8f8df02b907519db84ff0.jpeg?resize=300,235 300w, https:\/\/www.westwindpm.com\/es\/wp-content\/uploads\/sites\/7\/2024\/01\/f3554d2d7af8f8df02b907519db84ff0.jpeg?resize=768,603 768w, https:\/\/www.westwindpm.com\/es\/wp-content\/uploads\/sites\/7\/2024\/01\/f3554d2d7af8f8df02b907519db84ff0.jpeg?resize=1024,804 1024w\" sizes=\"auto, (max-width: 1408px) 100vw, 1408px\" \/><\/figure><div class=\"wp-block-media-text__content\">\n<h3 class=\"wp-block-heading\" id=\"h-abierto-todo-el-ano\">Abierto todo el a\u00f1o<\/h3>\n\n\n\n<div class=\"wp-block-columns is-layout-flex wp-container-core-columns-is-layout-9d6595d7 wp-block-columns-is-layout-flex\">\n<div class=\"wp-block-column is-layout-flow wp-block-column-is-layout-flow\" style=\"flex-basis:17.33%\">\n<p>S\u00e1bado:<br>Domingo:<\/p>\n<\/div>\n\n\n\n<div class=\"wp-block-column is-layout-flow wp-block-column-is-layout-flow\" style=\"flex-basis:66.66%\">\n<p>6:00am &#8211; 3:00pm<br>6:00am &#8211; 4:00pm<\/p>\n<\/div>\n<\/div>\n\n\n\n<h3 class=\"wp-block-heading\" id=\"h-precios-de-entrada-para-compradores\">Precios de entrada para compradores<\/h3>\n\n\n\n<div class=\"wp-block-columns is-layout-flex wp-container-core-columns-is-layout-9d6595d7 wp-block-columns-is-layout-flex\">\n<div class=\"wp-block-column is-layout-flow wp-block-column-is-layout-flow\" style=\"flex-basis:17.33%\">\n<p>S\u00e1bado:<br>Domingo:<\/p>\n<\/div>\n\n\n\n<div class=\"wp-block-column is-layout-flow wp-block-column-is-layout-flow\" style=\"flex-basis:66.66%\">\n<p>$0.75<br>$1.50<\/p>\n<\/div>\n<\/div>\n\n\n\n<p><em>\u00a1Los ni\u00f1os menores de 11 a\u00f1os siempre entran gratis!<\/em><a href=\"http:\/\/www.westwindpm.com\/locations\/solano?infoId=seller\"><\/a><\/p>\n<\/div><\/div>\n<\/div><\/div>\n<\/div><\/div>\n","protected":false},"excerpt":{"rendered":"<p>Informaci\u00f3n del vendedor Horas de configuraci\u00f3n del vendedor S\u00e1bado6:00am &#8211; 11:00am Domingo5:30am &#8211; 11:00am Horas de venta S\u00e1bado6:00am &#8211; 3:00pm Domingo6:00am &#8211; 4:00pm Alquiler de espacios para vendedores Tama\u00f1o t\u00edpico de espacio normal 18&#8242; x 18&#8242; Contactos importantes Gerente general:Erin Keikoan-Ziegler1611 Solano Way.Concord, CA 94520(925) 687-6445gm_solano@150pelican.com Para obtener una licencia fiscal estatal de \u201creventa\u201d, comun\u00edquese [&hellip;]<\/p>\n","protected":false},"author":29,"featured_media":0,"parent":141,"menu_order":0,"comment_status":"closed","ping_status":"closed","template":"","meta":{"_acf_changed":false,"footnotes":""},"class_list":["post-2104","page","type-page","status-publish","hentry"],"acf":[],"yoast_head":"<!-- This site is optimized with the Yoast SEO Premium plugin v22.4 (Yoast SEO v27.3) - https:\/\/yoast.com\/product\/yoast-seo-premium-wordpress\/ -->\n<title>Concord<\/title>\n<meta name=\"description\" content=\"Visit the West Wind Solano Swap Meet in Concord, CA for unbeatable bargains, fresh food, and fun for the whole family!\" \/>\n<meta name=\"robots\" content=\"index, follow, max-snippet:-1, max-image-preview:large, max-video-preview:-1\" \/>\n<link rel=\"canonical\" href=\"https:\/\/www.westwindpm.com\/es\/locations\/concord-ca\" \/>\n<meta property=\"og:locale\" content=\"en_US\" \/>\n<meta property=\"og:type\" content=\"article\" \/>\n<meta property=\"og:title\" content=\"Concord, CA\" \/>\n<meta property=\"og:description\" content=\"Visit the West Wind Solano Swap Meet in Concord, CA for unbeatable bargains, fresh food, and fun for the whole family!\" \/>\n<meta property=\"og:url\" content=\"https:\/\/www.westwindpm.com\/es\/locations\/concord-ca\" \/>\n<meta property=\"og:site_name\" content=\"West Wind Public Market Spanish\" \/>\n<meta property=\"article:modified_time\" content=\"2024-03-26T12:20:28+00:00\" \/>\n<meta property=\"og:image\" content=\"https:\/\/sites.santacruzcinema.com\/westwindpm\/es\/wp-content\/uploads\/sites\/7\/2024\/01\/f3554d2d7af8f8df02b907519db84ff0.jpeg?w=1024\" \/>\n<meta name=\"twitter:card\" content=\"summary_large_image\" \/>\n<meta name=\"twitter:label1\" content=\"Est. reading time\" \/>\n\t<meta name=\"twitter:data1\" content=\"2 minutes\" \/>\n<script type=\"application\/ld+json\" class=\"yoast-schema-graph\">{\"@context\":\"https:\\\/\\\/schema.org\",\"@graph\":[{\"@type\":\"WebPage\",\"@id\":\"https:\\\/\\\/www.westwindpm.com\\\/es\\\/locations\\\/concord-ca\",\"url\":\"https:\\\/\\\/www.westwindpm.com\\\/es\\\/locations\\\/concord-ca\",\"name\":\"Concord\",\"isPartOf\":{\"@id\":\"https:\\\/\\\/www.westwindpm.com\\\/es\\\/#website\"},\"primaryImageOfPage\":{\"@id\":\"https:\\\/\\\/www.westwindpm.com\\\/es\\\/locations\\\/concord-ca#primaryimage\"},\"image\":{\"@id\":\"https:\\\/\\\/www.westwindpm.com\\\/es\\\/locations\\\/concord-ca#primaryimage\"},\"thumbnailUrl\":\"https:\\\/\\\/www.westwindpm.com\\\/es\\\/wp-content\\\/uploads\\\/sites\\\/7\\\/2024\\\/01\\\/f3554d2d7af8f8df02b907519db84ff0.jpeg?w=1024\",\"datePublished\":\"2024-01-29T07:03:01+00:00\",\"dateModified\":\"2024-03-26T12:20:28+00:00\",\"description\":\"Visit the West Wind Solano Swap Meet in Concord, CA for unbeatable bargains, fresh food, and fun for the whole family!\",\"breadcrumb\":{\"@id\":\"https:\\\/\\\/www.westwindpm.com\\\/es\\\/locations\\\/concord-ca#breadcrumb\"},\"inLanguage\":\"en-US\",\"potentialAction\":[{\"@type\":\"ReadAction\",\"target\":[\"https:\\\/\\\/www.westwindpm.com\\\/es\\\/locations\\\/concord-ca\"]}]},{\"@type\":\"ImageObject\",\"inLanguage\":\"en-US\",\"@id\":\"https:\\\/\\\/www.westwindpm.com\\\/es\\\/locations\\\/concord-ca#primaryimage\",\"url\":\"https:\\\/\\\/www.westwindpm.com\\\/es\\\/wp-content\\\/uploads\\\/sites\\\/7\\\/2024\\\/01\\\/f3554d2d7af8f8df02b907519db84ff0.jpeg?w=1024\",\"contentUrl\":\"https:\\\/\\\/www.westwindpm.com\\\/es\\\/wp-content\\\/uploads\\\/sites\\\/7\\\/2024\\\/01\\\/f3554d2d7af8f8df02b907519db84ff0.jpeg?w=1024\"},{\"@type\":\"BreadcrumbList\",\"@id\":\"https:\\\/\\\/www.westwindpm.com\\\/es\\\/locations\\\/concord-ca#breadcrumb\",\"itemListElement\":[{\"@type\":\"ListItem\",\"position\":1,\"name\":\"Home\",\"item\":\"https:\\\/\\\/www.westwindpm.com\\\/es\\\/\"},{\"@type\":\"ListItem\",\"position\":2,\"name\":\"Locations\",\"item\":\"https:\\\/\\\/www.westwindpm.com\\\/es\\\/locations\"},{\"@type\":\"ListItem\",\"position\":3,\"name\":\"Concord, CA\"}]},{\"@type\":\"WebSite\",\"@id\":\"https:\\\/\\\/www.westwindpm.com\\\/es\\\/#website\",\"url\":\"https:\\\/\\\/www.westwindpm.com\\\/es\\\/\",\"name\":\"West Wind Public Market Spanish\",\"description\":\"\",\"publisher\":{\"@id\":\"https:\\\/\\\/www.westwindpm.com\\\/es\\\/#organization\"},\"potentialAction\":[{\"@type\":\"SearchAction\",\"target\":{\"@type\":\"EntryPoint\",\"urlTemplate\":\"https:\\\/\\\/www.westwindpm.com\\\/es\\\/?s={search_term_string}\"},\"query-input\":{\"@type\":\"PropertyValueSpecification\",\"valueRequired\":true,\"valueName\":\"search_term_string\"}}],\"inLanguage\":\"en-US\"},{\"@type\":\"Organization\",\"@id\":\"https:\\\/\\\/www.westwindpm.com\\\/es\\\/#organization\",\"name\":\"West Wind Public Market Spanish\",\"url\":\"https:\\\/\\\/www.westwindpm.com\\\/es\\\/\",\"logo\":{\"@type\":\"ImageObject\",\"inLanguage\":\"en-US\",\"@id\":\"https:\\\/\\\/www.westwindpm.com\\\/es\\\/#\\\/schema\\\/logo\\\/image\\\/\",\"url\":\"https:\\\/\\\/www.westwindpm.com\\\/es\\\/wp-content\\\/uploads\\\/sites\\\/7\\\/2024\\\/01\\\/westwind_pm_web.svg\",\"contentUrl\":\"https:\\\/\\\/www.westwindpm.com\\\/es\\\/wp-content\\\/uploads\\\/sites\\\/7\\\/2024\\\/01\\\/westwind_pm_web.svg\",\"caption\":\"West Wind Public Market Spanish\"},\"image\":{\"@id\":\"https:\\\/\\\/www.westwindpm.com\\\/es\\\/#\\\/schema\\\/logo\\\/image\\\/\"}}]}<\/script>\n<!-- \/ Yoast SEO Premium plugin. -->","yoast_head_json":{"title":"Concord","description":"Visit the West Wind Solano Swap Meet in Concord, CA for unbeatable bargains, fresh food, and fun for the whole family!","robots":{"index":"index","follow":"follow","max-snippet":"max-snippet:-1","max-image-preview":"max-image-preview:large","max-video-preview":"max-video-preview:-1"},"canonical":"https:\/\/www.westwindpm.com\/es\/locations\/concord-ca","og_locale":"en_US","og_type":"article","og_title":"Concord, CA","og_description":"Visit the West Wind Solano Swap Meet in Concord, CA for unbeatable bargains, fresh food, and fun for the whole family!","og_url":"https:\/\/www.westwindpm.com\/es\/locations\/concord-ca","og_site_name":"West Wind Public Market Spanish","article_modified_time":"2024-03-26T12:20:28+00:00","og_image":[{"url":"https:\/\/sites.santacruzcinema.com\/westwindpm\/es\/wp-content\/uploads\/sites\/7\/2024\/01\/f3554d2d7af8f8df02b907519db84ff0.jpeg?w=1024","type":"","width":"","height":""}],"twitter_card":"summary_large_image","twitter_misc":{"Est. reading time":"2 minutes"},"schema":{"@context":"https:\/\/schema.org","@graph":[{"@type":"WebPage","@id":"https:\/\/www.westwindpm.com\/es\/locations\/concord-ca","url":"https:\/\/www.westwindpm.com\/es\/locations\/concord-ca","name":"Concord","isPartOf":{"@id":"https:\/\/www.westwindpm.com\/es\/#website"},"primaryImageOfPage":{"@id":"https:\/\/www.westwindpm.com\/es\/locations\/concord-ca#primaryimage"},"image":{"@id":"https:\/\/www.westwindpm.com\/es\/locations\/concord-ca#primaryimage"},"thumbnailUrl":"https:\/\/www.westwindpm.com\/es\/wp-content\/uploads\/sites\/7\/2024\/01\/f3554d2d7af8f8df02b907519db84ff0.jpeg?w=1024","datePublished":"2024-01-29T07:03:01+00:00","dateModified":"2024-03-26T12:20:28+00:00","description":"Visit the West Wind Solano Swap Meet in Concord, CA for unbeatable bargains, fresh food, and fun for the whole family!","breadcrumb":{"@id":"https:\/\/www.westwindpm.com\/es\/locations\/concord-ca#breadcrumb"},"inLanguage":"en-US","potentialAction":[{"@type":"ReadAction","target":["https:\/\/www.westwindpm.com\/es\/locations\/concord-ca"]}]},{"@type":"ImageObject","inLanguage":"en-US","@id":"https:\/\/www.westwindpm.com\/es\/locations\/concord-ca#primaryimage","url":"https:\/\/www.westwindpm.com\/es\/wp-content\/uploads\/sites\/7\/2024\/01\/f3554d2d7af8f8df02b907519db84ff0.jpeg?w=1024","contentUrl":"https:\/\/www.westwindpm.com\/es\/wp-content\/uploads\/sites\/7\/2024\/01\/f3554d2d7af8f8df02b907519db84ff0.jpeg?w=1024"},{"@type":"BreadcrumbList","@id":"https:\/\/www.westwindpm.com\/es\/locations\/concord-ca#breadcrumb","itemListElement":[{"@type":"ListItem","position":1,"name":"Home","item":"https:\/\/www.westwindpm.com\/es\/"},{"@type":"ListItem","position":2,"name":"Locations","item":"https:\/\/www.westwindpm.com\/es\/locations"},{"@type":"ListItem","position":3,"name":"Concord, CA"}]},{"@type":"WebSite","@id":"https:\/\/www.westwindpm.com\/es\/#website","url":"https:\/\/www.westwindpm.com\/es\/","name":"West Wind Public Market Spanish","description":"","publisher":{"@id":"https:\/\/www.westwindpm.com\/es\/#organization"},"potentialAction":[{"@type":"SearchAction","target":{"@type":"EntryPoint","urlTemplate":"https:\/\/www.westwindpm.com\/es\/?s={search_term_string}"},"query-input":{"@type":"PropertyValueSpecification","valueRequired":true,"valueName":"search_term_string"}}],"inLanguage":"en-US"},{"@type":"Organization","@id":"https:\/\/www.westwindpm.com\/es\/#organization","name":"West Wind Public Market Spanish","url":"https:\/\/www.westwindpm.com\/es\/","logo":{"@type":"ImageObject","inLanguage":"en-US","@id":"https:\/\/www.westwindpm.com\/es\/#\/schema\/logo\/image\/","url":"https:\/\/www.westwindpm.com\/es\/wp-content\/uploads\/sites\/7\/2024\/01\/westwind_pm_web.svg","contentUrl":"https:\/\/www.westwindpm.com\/es\/wp-content\/uploads\/sites\/7\/2024\/01\/westwind_pm_web.svg","caption":"West Wind Public Market Spanish"},"image":{"@id":"https:\/\/www.westwindpm.com\/es\/#\/schema\/logo\/image\/"}}]}},"parsely":{"version":"1.1.0","canonical_url":"https:\/\/es.westwindpm.com\/es\/locations\/concord-ca","smart_links":{"inbound":0,"outbound":0},"traffic_boost_suggestions_count":0,"meta":{"@context":"https:\/\/schema.org","@type":"WebPage","headline":"Concord, CA","url":"http:\/\/www.westwindpm.com\/es\/locations\/concord-ca","mainEntityOfPage":{"@type":"WebPage","@id":"http:\/\/www.westwindpm.com\/es\/locations\/concord-ca"},"thumbnailUrl":"","image":{"@type":"ImageObject","url":""},"articleSection":"Uncategorized","author":[{"@type":"Person","name":"maniscalco"}],"creator":["maniscalco"],"publisher":{"@type":"Organization","name":"West Wind Public Market Spanish","logo":""},"keywords":[],"dateCreated":"2024-01-29T07:03:01Z","datePublished":"2024-01-29T07:03:01Z","dateModified":"2024-03-26T12:20:28Z"},"rendered":"<script type=\"application\/ld+json\" class=\"wp-parsely-metadata\">{\"@context\":\"https:\\\/\\\/schema.org\",\"@type\":\"WebPage\",\"headline\":\"Concord, CA\",\"url\":\"http:\\\/\\\/www.westwindpm.com\\\/es\\\/locations\\\/concord-ca\",\"mainEntityOfPage\":{\"@type\":\"WebPage\",\"@id\":\"http:\\\/\\\/www.westwindpm.com\\\/es\\\/locations\\\/concord-ca\"},\"thumbnailUrl\":\"\",\"image\":{\"@type\":\"ImageObject\",\"url\":\"\"},\"articleSection\":\"Uncategorized\",\"author\":[{\"@type\":\"Person\",\"name\":\"maniscalco\"}],\"creator\":[\"maniscalco\"],\"publisher\":{\"@type\":\"Organization\",\"name\":\"West Wind Public Market Spanish\",\"logo\":\"\"},\"keywords\":[],\"dateCreated\":\"2024-01-29T07:03:01Z\",\"datePublished\":\"2024-01-29T07:03:01Z\",\"dateModified\":\"2024-03-26T12:20:28Z\"}<\/script>","tracker_url":"https:\/\/cdn.parsely.com\/keys\/es.westwindpm.com\/p.js"},"jetpack_sharing_enabled":true,"_links":{"self":[{"href":"https:\/\/www.westwindpm.com\/es\/wp-json\/wp\/v2\/pages\/2104","targetHints":{"allow":["GET"]}}],"collection":[{"href":"https:\/\/www.westwindpm.com\/es\/wp-json\/wp\/v2\/pages"}],"about":[{"href":"https:\/\/www.westwindpm.com\/es\/wp-json\/wp\/v2\/types\/page"}],"author":[{"embeddable":true,"href":"https:\/\/www.westwindpm.com\/es\/wp-json\/wp\/v2\/users\/29"}],"replies":[{"embeddable":true,"href":"https:\/\/www.westwindpm.com\/es\/wp-json\/wp\/v2\/comments?post=2104"}],"version-history":[{"count":17,"href":"https:\/\/www.westwindpm.com\/es\/wp-json\/wp\/v2\/pages\/2104\/revisions"}],"predecessor-version":[{"id":2288,"href":"https:\/\/www.westwindpm.com\/es\/wp-json\/wp\/v2\/pages\/2104\/revisions\/2288"}],"up":[{"embeddable":true,"href":"https:\/\/www.westwindpm.com\/es\/wp-json\/wp\/v2\/pages\/141"}],"wp:attachment":[{"href":"https:\/\/www.westwindpm.com\/es\/wp-json\/wp\/v2\/media?parent=2104"}],"curies":[{"name":"wp","href":"https:\/\/api.w.org\/{rel}","templated":true}]}}