{"id":2089,"date":"2024-01-26T10:22:53","date_gmt":"2024-01-26T10:22:53","guid":{"rendered":"https:\/\/sites.santacruzcinema.com\/westwindpm\/es\/?page_id=2089"},"modified":"2024-11-14T18:04:14","modified_gmt":"2024-11-14T18:04:14","slug":"san-jose-ca","status":"publish","type":"page","link":"https:\/\/www.westwindpm.com\/es\/locations\/san-jose-ca","title":{"rendered":"San Jose, CA"},"content":{"rendered":"\t\t<style>\n\t\t\tsection.Westwindpm-hero-banner{\n\t\t\t\tbackground-image: url('https:\/\/www.westwindpm.com\/es\/wp-content\/uploads\/sites\/7\/2024\/03\/SanJose.jpg ');\n\t\t\t\tmin-height: 637px\t\t\t}\n\t\t\t\/* @media (max-width: 481px){\n\t\t\t\tsection.Westwindpm-hero-banner{\n\t\t\t\t\tbackground-image: url('https:\/\/www.westwindpm.com\/es\/wp-content\/uploads\/sites\/7\/2024\/03\/SanJose.jpg ');\n\t\t\t\t} *\/\n\t\t\t}\n\t\t<\/style>\n\t\t<section class=\"Westwindpm-hero-banner \">\n\t\t\t<div class=\"for-responsive\">\n\t\t\t\t<img loading=\"lazy\" decoding=\"async\" src=\"https:\/\/www.westwindpm.com\/es\/wp-content\/uploads\/sites\/7\/2024\/03\/SanJose.jpg\" height=\"400\" width=\"480\" alt=\"mobile-img\">\n\t\t\t<\/div>\n\t\t\t<div class='container'>\n\t\t\t\t<div class='hero-banner-inner'>\n\t\t\t\t\t\t\t\t\t\t\t<h1 class=\"heading\" style=\"color:#a11f21;font-size:\">MERCADO DE SAN JOS\u00c9<\/h1>\n\t\t\t\t\t\t\t\t\t\t\t\t<p class=\"content\" style=\"color:#000000;font-size:\">productos frescos<\/p>\n\t\t\t\t\t\t\t\t\t\t<\/div>\n\t\t\t<\/div>\t\n\t\t<\/section>\n\t\t\n\n\n<div class=\"wp-block-group westwindpm-main-content-outer\"><div class=\"wp-block-group__inner-container is-layout-constrained wp-block-group-is-layout-constrained\">\n<div class=\"wp-block-group container\"><div class=\"wp-block-group__inner-container is-layout-constrained wp-block-group-is-layout-constrained\">\n<h2 class=\"wp-block-heading has-text-align-center\" id=\"seller-section\">Informaci\u00f3n del vendedor<\/h2>\n\n\n\n<div class=\"wp-block-columns mt-40 is-layout-flex wp-container-core-columns-is-layout-9d6595d7 wp-block-columns-is-layout-flex\">\n<div class=\"wp-block-column is-layout-flow wp-block-column-is-layout-flow\">\n<h3 class=\"wp-block-heading\">Horas de configuraci\u00f3n del vendedor<\/h3>\n\n\n\n<p>Mi\u00e9rcoles y Viernes&nbsp;<br>7:00am &#8211; 10:00am<\/p>\n\n\n\n<p>Jueves, S\u00e1bado y Domingo<br>6:30am &#8211; 10:00am<\/p>\n\n\n\n<h3 class=\"wp-block-heading\" id=\"h-alquiler-de-espacios-para-vendedores\"><strong>Alquiler de espacios para vendedores<\/strong><\/h3>\n\n\n\n<p>Tama\u00f1o del espacio tipico 15\u2019 x 15\u2019<\/p>\n\n\n\n<div class=\"wp-block-buttons is-layout-flex wp-block-buttons-is-layout-flex\">\n<div class=\"wp-block-button\"><a class=\"wp-block-button__link has-background wp-element-button\" href=\"https:\/\/www.westwindpm.com\/es\/wp-content\/uploads\/sites\/7\/2024\/03\/SanJoseMap.pdf\" style=\"background-color:#1a3555\" target=\"_blank\" rel=\"noreferrer noopener\">MAPA DE LOCALIZACI\u00d3N<\/a><\/div>\n\n\n\n<div class=\"wp-block-button\"><a class=\"wp-block-button__link has-background wp-element-button\" href=\"https:\/\/www.westwindpm.com\/es\/wp-content\/uploads\/sites\/7\/2024\/03\/TerminosCondiciones.pdf\" style=\"background-color:#1a3555\" target=\"_blank\" rel=\"noreferrer noopener\">T\u00c9RMINOS<\/a><\/div>\n<\/div>\n\n\n\n<h3 class=\"wp-block-heading\" id=\"h-contactos-importantes\"><strong>Contactos Importantes<\/strong><\/h3>\n\n\n\n<p>Gerente general:<br>David Park<br>3630 Hillcap Ave.<br>San Jose, CA 95136<br>(408) 225-5800<\/p>\n\n\n\n<p>Para obtener una licencia comercial de San Jos\u00e9, comun\u00edquese con:<br>CITY OF SAN JOSE<br>200 E. Santa Clara St.<br>San Jose, CA 95113<br>www.sanjoseca.org<br>(408) 535-3500<\/p>\n\n\n\n<p>Para obtener una licencia fiscal estatal de \u201creventa\u201d, comun\u00edquese con:<br>STATE BOARD OF EQUALIZATION<br>250 South Second Street<br>San Jose, CA 95113-2706<br>www.boe.ca.gov<br>(408) 277-1231<\/p>\n<\/div>\n\n\n\n<div class=\"wp-block-column is-layout-flow wp-block-column-is-layout-flow\">\n<h3 class=\"wp-block-heading\" id=\"h-reservaciones-anuales-y-mensuales\">Reservaciones Anuales y Mensuales<\/h3>\n\n\n\n<p>Comun\u00edquese con el Gerente General para obtener detalles y precios en reservas mensuales y anuales. Se requiere una licencia comercial de la ciudad de San Jos\u00e9 y una licencia fiscal de \u201creventa\u201d del estado de California para reservar un espacio anualmente (consulte la informaci\u00f3n de contacto a continuaci\u00f3n).<\/p>\n\n\n\n<h3 class=\"wp-block-heading\" id=\"h-precios-diarios-del-vendedor\">Precios diarios del vendedor<\/h3>\n\n\n\n<p>Mi\u00e9rcoles<br>$17 por espacio<\/p>\n\n\n\n<p>Jueves<br>$26 Espacio Regular<br>$31 Espacio en esquina<br>$33 Espacio para producir<\/p>\n\n\n\n<p>Viernes<br>$17 por espacio<\/p>\n\n\n\n<p>S\u00e1bado<br>$30 Espacio Regular<br>$38 Espacio en esquina<br>$40 espacio para productos agr\u00edcolas<\/p>\n\n\n\n<p>Domingo<br>$40 Espacio Regular<br>$55 de espacio en esquina<br>$58 Espacio para producir<\/p>\n\n\n\n<p>Alquiler de contenedores<br>$250 \u2013 contenedor de 10\u2019<br>$275 \u2013 contenedor de 16\u2019<br>$325 \u2013 contenedor de 20\u2019<br>$425 \u2013 contenedor de 30\u2019<br>$525 \u2013 contenedor de 40\u2019<\/p>\n<\/div>\n<\/div>\n\n\n\n<div style=\"height:50px\" aria-hidden=\"true\" class=\"wp-block-spacer\"><\/div>\n\n\n\n<h2 class=\"wp-block-heading has-text-align-center\" id=\"shopper-section\">Informaci\u00f3n del comprador<\/h2>\n\n\n\n<div style=\"height:20px\" aria-hidden=\"true\" class=\"wp-block-spacer\"><\/div>\n\n\n\n<h2 class=\"wp-block-heading\">VISITE EL MERCADO DE PULGAS DEL CAPITOLIO PARA OFERTAS, COMIDA FRESCA Y DIVERSI\u00d3N FAMILIAR<\/h2>\n\n\n\n<div class=\"wp-block-media-text is-stacked-on-mobile is-vertically-aligned-top mt-40 set-lazy-loading lctn-clms\"><figure class=\"wp-block-media-text__media\"><img loading=\"lazy\" decoding=\"async\" width=\"458\" height=\"360\" src=\"https:\/\/www.westwindpm.com\/es\/wp-content\/uploads\/sites\/7\/2023\/12\/Movie-Card.png?w=458\" alt=\"Movie-Card\" class=\"wp-image-1436 size-full\" srcset=\"https:\/\/www.westwindpm.com\/es\/wp-content\/uploads\/sites\/7\/2023\/12\/Movie-Card.png 458w, https:\/\/www.westwindpm.com\/es\/wp-content\/uploads\/sites\/7\/2023\/12\/Movie-Card.png?resize=300,236 300w\" sizes=\"auto, (max-width: 458px) 100vw, 458px\" \/><\/figure><div class=\"wp-block-media-text__content\">\n<h3 class=\"wp-block-heading\" id=\"h-abierto-todo-el-ano\">Abierto todo el a\u00f1o<\/h3>\n\n\n\n<div class=\"wp-block-columns is-layout-flex wp-container-core-columns-is-layout-9d6595d7 wp-block-columns-is-layout-flex\">\n<div class=\"wp-block-column is-layout-flow wp-block-column-is-layout-flow\" style=\"flex-basis:33.33%\">\n<p>Mi\u00e9rcoles:<br>Jueves:<br>Viernes:<br>S\u00e1bado:<br>Domingo:<\/p>\n<\/div>\n\n\n\n<div class=\"wp-block-column is-layout-flow wp-block-column-is-layout-flow\" style=\"flex-basis:66.66%\">\n<p>7:00am &#8211; 2:30pm<br>6:30am &#8211; 3:30pm<br>7:00am &#8211; 3:00pm<br>6:30am &#8211; 3:30pm<br>6:30am &#8211; 3:30pm<\/p>\n<\/div>\n<\/div>\n\n\n\n<h3 class=\"wp-block-heading\" id=\"h-precios-de-entrada-para-compradores\">Precios de entrada para compradores<\/h3>\n\n\n\n<div class=\"wp-block-columns is-layout-flex wp-container-core-columns-is-layout-9d6595d7 wp-block-columns-is-layout-flex\">\n<div class=\"wp-block-column is-layout-flow wp-block-column-is-layout-flow\" style=\"flex-basis:33.33%\">\n<p>Mi\u00e9rcoles:<br>Jueves:<br>Viernes:<br>S\u00e1bado:<br>Domingo:<\/p>\n<\/div>\n\n\n\n<div class=\"wp-block-column is-layout-flow wp-block-column-is-layout-flow\" style=\"flex-basis:66.66%\">\n<p>$0.50<br>$1.25<br>$0.75<br>$1.75<br>$2.50<\/p>\n<\/div>\n<\/div>\n<\/div><\/div>\n<\/div><\/div>\n<\/div><\/div>\n","protected":false},"excerpt":{"rendered":"<p>Informaci\u00f3n del vendedor Horas de configuraci\u00f3n del vendedor Mi\u00e9rcoles y Viernes&nbsp;7:00am &#8211; 10:00am Jueves, S\u00e1bado y Domingo6:30am &#8211; 10:00am Alquiler de espacios para vendedores Tama\u00f1o del espacio tipico 15\u2019 x 15\u2019 Contactos Importantes Gerente general:David Park3630 Hillcap Ave.San Jose, CA 95136(408) 225-5800 Para obtener una licencia comercial de San Jos\u00e9, comun\u00edquese con:CITY OF SAN JOSE200 [&hellip;]<\/p>\n","protected":false},"author":29,"featured_media":0,"parent":141,"menu_order":0,"comment_status":"closed","ping_status":"closed","template":"","meta":{"_acf_changed":false,"footnotes":""},"class_list":["post-2089","page","type-page","status-publish","hentry"],"acf":[],"yoast_head":"<!-- This site is optimized with the Yoast SEO Premium plugin v22.4 (Yoast SEO v27.3) - https:\/\/yoast.com\/product\/yoast-seo-premium-wordpress\/ -->\n<title>West Wind Capitol Flea Market in San Jose, CA | Entertainment, Bargain Shopping, and Family Fun<\/title>\n<meta name=\"description\" content=\"Visit the West Wind Capitol Flea Market in San Jose, CA for unbeatable bargains, fresh food and fun for the whole family!\" \/>\n<meta name=\"robots\" content=\"index, follow, max-snippet:-1, max-image-preview:large, max-video-preview:-1\" \/>\n<link rel=\"canonical\" href=\"https:\/\/www.westwindpm.com\/es\/locations\/san-jose-ca\" \/>\n<meta property=\"og:locale\" content=\"en_US\" \/>\n<meta property=\"og:type\" content=\"article\" \/>\n<meta property=\"og:title\" content=\"San Jose, CA\" \/>\n<meta property=\"og:description\" content=\"Visit the West Wind Capitol Flea Market in San Jose, CA for unbeatable bargains, fresh food and fun for the whole family!\" \/>\n<meta property=\"og:url\" content=\"https:\/\/www.westwindpm.com\/es\/locations\/san-jose-ca\" \/>\n<meta property=\"og:site_name\" content=\"West Wind Public Market Spanish\" \/>\n<meta property=\"article:modified_time\" content=\"2024-11-14T18:04:14+00:00\" \/>\n<meta property=\"og:image\" content=\"https:\/\/www.westwindpm.com\/es\/wp-content\/uploads\/sites\/7\/2023\/12\/Movie-Card.png?w=458\" \/>\n<meta name=\"twitter:card\" content=\"summary_large_image\" \/>\n<meta name=\"twitter:label1\" content=\"Est. reading time\" \/>\n\t<meta name=\"twitter:data1\" content=\"2 minutes\" \/>\n<script type=\"application\/ld+json\" class=\"yoast-schema-graph\">{\"@context\":\"https:\\\/\\\/schema.org\",\"@graph\":[{\"@type\":\"WebPage\",\"@id\":\"https:\\\/\\\/www.westwindpm.com\\\/es\\\/locations\\\/san-jose-ca\",\"url\":\"https:\\\/\\\/www.westwindpm.com\\\/es\\\/locations\\\/san-jose-ca\",\"name\":\"West Wind Capitol Flea Market in San Jose, CA | Entertainment, Bargain Shopping, and Family Fun\",\"isPartOf\":{\"@id\":\"https:\\\/\\\/www.westwindpm.com\\\/es\\\/#website\"},\"primaryImageOfPage\":{\"@id\":\"https:\\\/\\\/www.westwindpm.com\\\/es\\\/locations\\\/san-jose-ca#primaryimage\"},\"image\":{\"@id\":\"https:\\\/\\\/www.westwindpm.com\\\/es\\\/locations\\\/san-jose-ca#primaryimage\"},\"thumbnailUrl\":\"https:\\\/\\\/www.westwindpm.com\\\/es\\\/wp-content\\\/uploads\\\/sites\\\/7\\\/2023\\\/12\\\/Movie-Card.png?w=458\",\"datePublished\":\"2024-01-26T10:22:53+00:00\",\"dateModified\":\"2024-11-14T18:04:14+00:00\",\"description\":\"Visit the West Wind Capitol Flea Market in San Jose, CA for unbeatable bargains, fresh food and fun for the whole family!\",\"breadcrumb\":{\"@id\":\"https:\\\/\\\/www.westwindpm.com\\\/es\\\/locations\\\/san-jose-ca#breadcrumb\"},\"inLanguage\":\"en-US\",\"potentialAction\":[{\"@type\":\"ReadAction\",\"target\":[\"https:\\\/\\\/www.westwindpm.com\\\/es\\\/locations\\\/san-jose-ca\"]}]},{\"@type\":\"ImageObject\",\"inLanguage\":\"en-US\",\"@id\":\"https:\\\/\\\/www.westwindpm.com\\\/es\\\/locations\\\/san-jose-ca#primaryimage\",\"url\":\"https:\\\/\\\/www.westwindpm.com\\\/es\\\/wp-content\\\/uploads\\\/sites\\\/7\\\/2023\\\/12\\\/Movie-Card.png\",\"contentUrl\":\"https:\\\/\\\/www.westwindpm.com\\\/es\\\/wp-content\\\/uploads\\\/sites\\\/7\\\/2023\\\/12\\\/Movie-Card.png\",\"width\":458,\"height\":360,\"caption\":\"Movie-Card\"},{\"@type\":\"BreadcrumbList\",\"@id\":\"https:\\\/\\\/www.westwindpm.com\\\/es\\\/locations\\\/san-jose-ca#breadcrumb\",\"itemListElement\":[{\"@type\":\"ListItem\",\"position\":1,\"name\":\"Home\",\"item\":\"https:\\\/\\\/www.westwindpm.com\\\/es\\\/\"},{\"@type\":\"ListItem\",\"position\":2,\"name\":\"Locations\",\"item\":\"https:\\\/\\\/www.westwindpm.com\\\/es\\\/locations\"},{\"@type\":\"ListItem\",\"position\":3,\"name\":\"San Jose, CA\"}]},{\"@type\":\"WebSite\",\"@id\":\"https:\\\/\\\/www.westwindpm.com\\\/es\\\/#website\",\"url\":\"https:\\\/\\\/www.westwindpm.com\\\/es\\\/\",\"name\":\"West Wind Public Market Spanish\",\"description\":\"\",\"publisher\":{\"@id\":\"https:\\\/\\\/www.westwindpm.com\\\/es\\\/#organization\"},\"potentialAction\":[{\"@type\":\"SearchAction\",\"target\":{\"@type\":\"EntryPoint\",\"urlTemplate\":\"https:\\\/\\\/www.westwindpm.com\\\/es\\\/?s={search_term_string}\"},\"query-input\":{\"@type\":\"PropertyValueSpecification\",\"valueRequired\":true,\"valueName\":\"search_term_string\"}}],\"inLanguage\":\"en-US\"},{\"@type\":\"Organization\",\"@id\":\"https:\\\/\\\/www.westwindpm.com\\\/es\\\/#organization\",\"name\":\"West Wind Public Market Spanish\",\"url\":\"https:\\\/\\\/www.westwindpm.com\\\/es\\\/\",\"logo\":{\"@type\":\"ImageObject\",\"inLanguage\":\"en-US\",\"@id\":\"https:\\\/\\\/www.westwindpm.com\\\/es\\\/#\\\/schema\\\/logo\\\/image\\\/\",\"url\":\"https:\\\/\\\/www.westwindpm.com\\\/es\\\/wp-content\\\/uploads\\\/sites\\\/7\\\/2024\\\/01\\\/westwind_pm_web.svg\",\"contentUrl\":\"https:\\\/\\\/www.westwindpm.com\\\/es\\\/wp-content\\\/uploads\\\/sites\\\/7\\\/2024\\\/01\\\/westwind_pm_web.svg\",\"caption\":\"West Wind Public Market Spanish\"},\"image\":{\"@id\":\"https:\\\/\\\/www.westwindpm.com\\\/es\\\/#\\\/schema\\\/logo\\\/image\\\/\"}}]}<\/script>\n<!-- \/ Yoast SEO Premium plugin. -->","yoast_head_json":{"title":"West Wind Capitol Flea Market in San Jose, CA | Entertainment, Bargain Shopping, and Family Fun","description":"Visit the West Wind Capitol Flea Market in San Jose, CA for unbeatable bargains, fresh food and fun for the whole family!","robots":{"index":"index","follow":"follow","max-snippet":"max-snippet:-1","max-image-preview":"max-image-preview:large","max-video-preview":"max-video-preview:-1"},"canonical":"https:\/\/www.westwindpm.com\/es\/locations\/san-jose-ca","og_locale":"en_US","og_type":"article","og_title":"San Jose, CA","og_description":"Visit the West Wind Capitol Flea Market in San Jose, CA for unbeatable bargains, fresh food and fun for the whole family!","og_url":"https:\/\/www.westwindpm.com\/es\/locations\/san-jose-ca","og_site_name":"West Wind Public Market Spanish","article_modified_time":"2024-11-14T18:04:14+00:00","og_image":[{"url":"https:\/\/www.westwindpm.com\/es\/wp-content\/uploads\/sites\/7\/2023\/12\/Movie-Card.png?w=458","type":"","width":"","height":""}],"twitter_card":"summary_large_image","twitter_misc":{"Est. reading time":"2 minutes"},"schema":{"@context":"https:\/\/schema.org","@graph":[{"@type":"WebPage","@id":"https:\/\/www.westwindpm.com\/es\/locations\/san-jose-ca","url":"https:\/\/www.westwindpm.com\/es\/locations\/san-jose-ca","name":"West Wind Capitol Flea Market in San Jose, CA | Entertainment, Bargain Shopping, and Family Fun","isPartOf":{"@id":"https:\/\/www.westwindpm.com\/es\/#website"},"primaryImageOfPage":{"@id":"https:\/\/www.westwindpm.com\/es\/locations\/san-jose-ca#primaryimage"},"image":{"@id":"https:\/\/www.westwindpm.com\/es\/locations\/san-jose-ca#primaryimage"},"thumbnailUrl":"https:\/\/www.westwindpm.com\/es\/wp-content\/uploads\/sites\/7\/2023\/12\/Movie-Card.png?w=458","datePublished":"2024-01-26T10:22:53+00:00","dateModified":"2024-11-14T18:04:14+00:00","description":"Visit the West Wind Capitol Flea Market in San Jose, CA for unbeatable bargains, fresh food and fun for the whole family!","breadcrumb":{"@id":"https:\/\/www.westwindpm.com\/es\/locations\/san-jose-ca#breadcrumb"},"inLanguage":"en-US","potentialAction":[{"@type":"ReadAction","target":["https:\/\/www.westwindpm.com\/es\/locations\/san-jose-ca"]}]},{"@type":"ImageObject","inLanguage":"en-US","@id":"https:\/\/www.westwindpm.com\/es\/locations\/san-jose-ca#primaryimage","url":"https:\/\/www.westwindpm.com\/es\/wp-content\/uploads\/sites\/7\/2023\/12\/Movie-Card.png","contentUrl":"https:\/\/www.westwindpm.com\/es\/wp-content\/uploads\/sites\/7\/2023\/12\/Movie-Card.png","width":458,"height":360,"caption":"Movie-Card"},{"@type":"BreadcrumbList","@id":"https:\/\/www.westwindpm.com\/es\/locations\/san-jose-ca#breadcrumb","itemListElement":[{"@type":"ListItem","position":1,"name":"Home","item":"https:\/\/www.westwindpm.com\/es\/"},{"@type":"ListItem","position":2,"name":"Locations","item":"https:\/\/www.westwindpm.com\/es\/locations"},{"@type":"ListItem","position":3,"name":"San Jose, CA"}]},{"@type":"WebSite","@id":"https:\/\/www.westwindpm.com\/es\/#website","url":"https:\/\/www.westwindpm.com\/es\/","name":"West Wind Public Market Spanish","description":"","publisher":{"@id":"https:\/\/www.westwindpm.com\/es\/#organization"},"potentialAction":[{"@type":"SearchAction","target":{"@type":"EntryPoint","urlTemplate":"https:\/\/www.westwindpm.com\/es\/?s={search_term_string}"},"query-input":{"@type":"PropertyValueSpecification","valueRequired":true,"valueName":"search_term_string"}}],"inLanguage":"en-US"},{"@type":"Organization","@id":"https:\/\/www.westwindpm.com\/es\/#organization","name":"West Wind Public Market Spanish","url":"https:\/\/www.westwindpm.com\/es\/","logo":{"@type":"ImageObject","inLanguage":"en-US","@id":"https:\/\/www.westwindpm.com\/es\/#\/schema\/logo\/image\/","url":"https:\/\/www.westwindpm.com\/es\/wp-content\/uploads\/sites\/7\/2024\/01\/westwind_pm_web.svg","contentUrl":"https:\/\/www.westwindpm.com\/es\/wp-content\/uploads\/sites\/7\/2024\/01\/westwind_pm_web.svg","caption":"West Wind Public Market Spanish"},"image":{"@id":"https:\/\/www.westwindpm.com\/es\/#\/schema\/logo\/image\/"}}]}},"parsely":{"version":"1.1.0","canonical_url":"https:\/\/es.westwindpm.com\/es\/locations\/san-jose-ca","smart_links":{"inbound":0,"outbound":0},"traffic_boost_suggestions_count":0,"meta":{"@context":"https:\/\/schema.org","@type":"WebPage","headline":"San Jose, CA","url":"http:\/\/www.westwindpm.com\/es\/locations\/san-jose-ca","mainEntityOfPage":{"@type":"WebPage","@id":"http:\/\/www.westwindpm.com\/es\/locations\/san-jose-ca"},"thumbnailUrl":"","image":{"@type":"ImageObject","url":""},"articleSection":"Uncategorized","author":[{"@type":"Person","name":"maniscalco"}],"creator":["maniscalco"],"publisher":{"@type":"Organization","name":"West Wind Public Market Spanish","logo":""},"keywords":[],"dateCreated":"2024-01-26T10:22:53Z","datePublished":"2024-01-26T10:22:53Z","dateModified":"2024-11-14T18:04:14Z"},"rendered":"<script type=\"application\/ld+json\" class=\"wp-parsely-metadata\">{\"@context\":\"https:\\\/\\\/schema.org\",\"@type\":\"WebPage\",\"headline\":\"San Jose, CA\",\"url\":\"http:\\\/\\\/www.westwindpm.com\\\/es\\\/locations\\\/san-jose-ca\",\"mainEntityOfPage\":{\"@type\":\"WebPage\",\"@id\":\"http:\\\/\\\/www.westwindpm.com\\\/es\\\/locations\\\/san-jose-ca\"},\"thumbnailUrl\":\"\",\"image\":{\"@type\":\"ImageObject\",\"url\":\"\"},\"articleSection\":\"Uncategorized\",\"author\":[{\"@type\":\"Person\",\"name\":\"maniscalco\"}],\"creator\":[\"maniscalco\"],\"publisher\":{\"@type\":\"Organization\",\"name\":\"West Wind Public Market Spanish\",\"logo\":\"\"},\"keywords\":[],\"dateCreated\":\"2024-01-26T10:22:53Z\",\"datePublished\":\"2024-01-26T10:22:53Z\",\"dateModified\":\"2024-11-14T18:04:14Z\"}<\/script>","tracker_url":"https:\/\/cdn.parsely.com\/keys\/es.westwindpm.com\/p.js"},"jetpack_sharing_enabled":true,"_links":{"self":[{"href":"https:\/\/www.westwindpm.com\/es\/wp-json\/wp\/v2\/pages\/2089","targetHints":{"allow":["GET"]}}],"collection":[{"href":"https:\/\/www.westwindpm.com\/es\/wp-json\/wp\/v2\/pages"}],"about":[{"href":"https:\/\/www.westwindpm.com\/es\/wp-json\/wp\/v2\/types\/page"}],"author":[{"embeddable":true,"href":"https:\/\/www.westwindpm.com\/es\/wp-json\/wp\/v2\/users\/29"}],"replies":[{"embeddable":true,"href":"https:\/\/www.westwindpm.com\/es\/wp-json\/wp\/v2\/comments?post=2089"}],"version-history":[{"count":13,"href":"https:\/\/www.westwindpm.com\/es\/wp-json\/wp\/v2\/pages\/2089\/revisions"}],"predecessor-version":[{"id":2323,"href":"https:\/\/www.westwindpm.com\/es\/wp-json\/wp\/v2\/pages\/2089\/revisions\/2323"}],"up":[{"embeddable":true,"href":"https:\/\/www.westwindpm.com\/es\/wp-json\/wp\/v2\/pages\/141"}],"wp:attachment":[{"href":"https:\/\/www.westwindpm.com\/es\/wp-json\/wp\/v2\/media?parent=2089"}],"curies":[{"name":"wp","href":"https:\/\/api.w.org\/{rel}","templated":true}]}}