{"id":2087,"date":"2024-01-26T10:20:10","date_gmt":"2024-01-26T10:20:10","guid":{"rendered":"https:\/\/sites.santacruzcinema.com\/westwindpm\/es\/?page_id=2087"},"modified":"2024-03-26T12:20:29","modified_gmt":"2024-03-26T12:20:29","slug":"oakland-ca","status":"publish","type":"page","link":"https:\/\/www.westwindpm.com\/es\/locations\/oakland-ca","title":{"rendered":"Oakland, CA"},"content":{"rendered":"\t\t<div class=\"wp-block-west-wind-pm-hero-banner-slider hero-loader-in west-wind-pm-slider\"id=\"west-wind-pm-slider-13caa15f-f766-4705-be1c-f2ed3fe31a2a\">\n\t\t\t<div class=\"container\">\n\t\t\t<div class=\"hero-loader\"><\/div>\n\t\t\t\t<div class=\"west-wind-pm-slider__wrap\">\n\t\t\t\t\t<div class=\"west-wind-pm-slider__main slick-slider\" data-slide-autoplay=\"false\" data-slide-arrows=\"true\" data-slide-loop=\"true\" data-slide-dots=\"false\" data-slide-to-show=\"1\">\n\t\t\t\t\t\t\t\t\t\t\t\t\t<div class=\"west-wind-pm-slider__item\" key=\"0\" style=\"background-image: url('https:\/\/www.westwindpm.com\/es\/wp-content\/uploads\/sites\/7\/2024\/03\/Oakland.jpg')\">\n\t\t\t\t\t\t\t\t\t<div class=\"west-wind-pm-slider__content\">\n\t\t\t\t\t\t\t\t\t\t<div class=\"west-wind-pm-slider__image\">\n\t\t\t\t\t\t\t\t\t\t\t<h1 style=\"color:#A11F21\">MERCADO DE OAKLAND<\/h1>\n\t\t\t\t\t\t\t\t\t\t\t<p style=\"color:#000000\">productos frescos<\/p>\n\t\t\t\t\t\t\t\t\t\t<\/div>\n\t\t\t\t\t\t\t\t\t<\/div>\n\t\t\t\t\t\t\t\t<\/div>\n\t\t\t\t\t\t\t\t\t\t\t\t\t\t\t<div class=\"west-wind-pm-slider__item\" key=\"1\" style=\"background-image: url('https:\/\/www.westwindpm.com\/es\/wp-content\/uploads\/sites\/7\/2024\/03\/Oakland2.jpg')\">\n\t\t\t\t\t\t\t\t\t<div class=\"west-wind-pm-slider__content\">\n\t\t\t\t\t\t\t\t\t\t<div class=\"west-wind-pm-slider__image\">\n\t\t\t\t\t\t\t\t\t\t\t<h1 style=\"color:#A11F21\">MERCADO DE OAKLAND<\/h1>\n\t\t\t\t\t\t\t\t\t\t\t<p style=\"color:#000000\">productos frescos<\/p>\n\t\t\t\t\t\t\t\t\t\t<\/div>\n\t\t\t\t\t\t\t\t\t<\/div>\n\t\t\t\t\t\t\t\t<\/div>\n\t\t\t\t\t\t\t\t\t\t\t\t\t\t\t<div class=\"west-wind-pm-slider__item\" key=\"2\" style=\"background-image: url('https:\/\/www.westwindpm.com\/es\/wp-content\/uploads\/sites\/7\/2024\/03\/Oakland3.jpg')\">\n\t\t\t\t\t\t\t\t\t<div class=\"west-wind-pm-slider__content\">\n\t\t\t\t\t\t\t\t\t\t<div class=\"west-wind-pm-slider__image\">\n\t\t\t\t\t\t\t\t\t\t\t<h1 style=\"color:#A11F21\">MERCADO DE OAKLAND<\/h1>\n\t\t\t\t\t\t\t\t\t\t\t<p style=\"color:#000000\">productos frescos<\/p>\n\t\t\t\t\t\t\t\t\t\t<\/div>\n\t\t\t\t\t\t\t\t\t<\/div>\n\t\t\t\t\t\t\t\t<\/div>\n\t\t\t\t\t\t\t\t\t\t\t\t<\/div>\n\t\t\t\t<\/div>\n\t\t\t<\/div>\n\t\t<\/div>\n\t\t\n\n\n<div class=\"wp-block-group westwindpm-main-content-outer\"><div class=\"wp-block-group__inner-container is-layout-constrained wp-block-group-is-layout-constrained\">\n<div class=\"wp-block-group container\"><div class=\"wp-block-group__inner-container is-layout-constrained wp-block-group-is-layout-constrained\">\n<h2 class=\"wp-block-heading has-text-align-center\" id=\"seller-section\">Informaci\u00f3n del vendedor<\/h2>\n\n\n\n<div class=\"wp-block-columns mt-40 is-layout-flex wp-container-core-columns-is-layout-9d6595d7 wp-block-columns-is-layout-flex\">\n<div class=\"wp-block-column is-layout-flow wp-block-column-is-layout-flow\">\n<h3 class=\"wp-block-heading\">Horas de configuraci\u00f3n del vendedor<\/h3>\n\n\n\n<p>Lunes a Viernes<br>6:00am &#8211; 11:00am<\/p>\n\n\n\n<p>S\u00e1bado y Domingo<br>6:00am &#8211; 11:00am<\/p>\n\n\n\n<h3 class=\"wp-block-heading\" id=\"h-alquiler-de-espacios-para-vendedores\">Alquiler de espacios para vendedores<\/h3>\n\n\n\n<p><strong>Tama\u00f1os de espacio t\u00edpicos<\/strong><\/p>\n\n\n\n<p>Tama\u00f1o del espacio normal 20&#8242; x 20&#8242;<br>Espacio \u201cL\u201d 20&#8242; x 28&#8242;<br>Espacio en esquina 20&#8242; x 20&#8242;<br>Espacio Premium 20\u2019 x 20\u2019<br>S\u00faper Espacio 30\u2019 x20\u2019<br>Ultraespacio 50&#8242; x 40&#8242;<\/p>\n\n\n\n<div class=\"wp-block-buttons is-layout-flex wp-block-buttons-is-layout-flex\">\n<div class=\"wp-block-button\"><a class=\"wp-block-button__link has-background wp-element-button\" href=\"https:\/\/www.westwindpm.com\/es\/wp-content\/uploads\/sites\/7\/2024\/03\/Coliseum_Map.pdf\" style=\"background-color:#1a3555\" target=\"_blank\" rel=\"noreferrer noopener\">MAPA DE LOCALIZACI\u00d3N<\/a><\/div>\n\n\n\n<div class=\"wp-block-button\"><a class=\"wp-block-button__link has-background wp-element-button\" href=\"https:\/\/www.westwindpm.com\/es\/wp-content\/uploads\/sites\/7\/2024\/03\/TerminosCondiciones.pdf\" style=\"background-color:#1a3555\" target=\"_blank\" rel=\"noreferrer noopener\">T\u00c9RMINOS<\/a><\/div>\n<\/div>\n\n\n\n<h3 class=\"wp-block-heading\" id=\"h-contactos-importantes\">CONTACTOS IMPORTANTES<\/h3>\n\n\n\n<p>5401 Coliseum Way<br>Oakland, CA 94601<br>(510) 533-1601<\/p>\n\n\n\n<p>Para obtener una licencia comercial de la ciudad de Oakland, comun\u00edquese con:<br>CITY OF OAKLAND BUSINESS LICENSE<br>250 Frank H. Ogawa Plaza, Suite 1320<br>Oakland, CA 94612<br>www2.oaklandnet.com<br>(510) 238-3704<\/p>\n\n\n\n<p>Para obtener una licencia fiscal estatal de \u201creventa\u201d, comun\u00edquese con:<br>JUNTA ESTATAL DE IGUALACI\u00d3N<br>1515 Clay St., Suite 303<br>Oakland, CA 94612<br>www.boe.ca.gov<br>(510) 622-4100<\/p>\n<\/div>\n\n\n\n<div class=\"wp-block-column is-layout-flow wp-block-column-is-layout-flow\">\n<h3 class=\"wp-block-heading\" id=\"h-reservas-anuales\">Reservas Anuales<\/h3>\n\n\n\n<p>Las reservas anuales solo est\u00e1n disponibles en nuestra subasta anual cerca de fin de a\u00f1o. Los avisos de inscripci\u00f3n se publican en el oto\u00f1o. Los vendedores deben tener una licencia comercial de la ciudad de Oakland y una licencia fiscal de \u201creventa\u201d del estado de California para participar en la subasta anual (consulte la informaci\u00f3n de contacto a continuaci\u00f3n).<\/p>\n\n\n\n<h3 class=\"wp-block-heading\" id=\"h-reserva-mensual\">Reserva Mensual<\/h3>\n\n\n\n<p>Las nuevas reservas mensuales comienzan a principios de mes y solo est\u00e1n disponibles para d\u00edas individuales de la semana. Los precios de reserva var\u00edan seg\u00fan el tama\u00f1o y el d\u00eda de la semana. Los vendedores tambi\u00e9n pagan una tarifa diaria.<\/p>\n\n\n\n<p>Espacio regular y en esquina: $125\/mes por un d\u00eda laborable, $200\/mes por un d\u00eda de fin de semana<br>Espacio Premium: $125\/mes por un d\u00eda laborable, $250\/mes por un d\u00eda de fin de semana<br>Super Space: $225\/mes por un d\u00eda laborable, $400\/mes por un d\u00eda de fin de semana<br>Ultra Space: $300\/mes por un d\u00eda laborable, $450\/mes por un d\u00eda de fin de semana<br>Los vendedores deben tener una licencia comercial de la ciudad de Oakland y una licencia fiscal de \u201creventa\u201d del estado de California para reservar un espacio mensualmente (consulte la informaci\u00f3n de contacto a continuaci\u00f3n).<\/p>\n\n\n\n<h3 class=\"wp-block-heading\" id=\"h-precios-diarios-del-vendedor\">Precios diarios del vendedor<\/h3>\n\n\n\n<p><strong>Lunes<\/strong><br>$13 \u2013 Espacio normal<br>$13 \u2013 Espacio \u201cL\u201d<br>$18 \u2013 Espacio en esquina<br>$20 \u2013 Espacio Premium<br>$35 \u2013 S\u00faper Espacio<br>$55 \u2013 Ultraespacio<br><br><strong>Martes<\/strong><br>$20 \u2013 Espacio Regular<br>$24 \u2013 Espacio \u201cL\u201d<br>$24 \u2013 Espacio en esquina<br>$25 \u2013 Espacio Premium<br>$43 \u2013 S\u00faper Espacio<br>$65 \u2013 Ultraespacio<br><br><strong>Mi\u00e9rcoles o jueves (precio por d\u00eda)<\/strong><br>$18 &#8211; Espacio Regular<br>$25 &#8211; Espacio Tipo &#8220;L&#8221;<br>$26 &#8211; Espacio de Esquina<br>$25 &#8211; Espacio Premium<br>$43 &#8211; Espacio Superior<br>$63 &#8211; Espacio Ultra<br><br><strong>Viernes<\/strong><br>$20 \u2013 Espacio normal<br>$25 \u2013 Espacio \u201cL\u201d<br>$29 \u2013 Espacio en esquina<br>$30 \u2013 Espacio Premium<br>$50 \u2013 S\u00faper Espacio<br>$74 \u2013 Ultraespacio<br><br><strong>S\u00e1bado y Domingo: Vendedores Reservados (precio por d\u00eda)<\/strong><br>$27 \u2013 Espacio normal<br>$27 \u2013 Espacio \u201cL\u201d<br>$27 \u2013 Espacio en esquina<br>$27 \u2013 Espacio Premium<br>$54 \u2013 S\u00faper Espacio<br>$80 \u2013 Ultraespacio<br><br><strong>S\u00e1bado y Domingo: Vendedores No Reservados (precio por d\u00eda)<\/strong><br>$38 \u2013 Espacio normal<br>$39 \u2013 Espacio \u201cL\u201d<br>$44 \u2013 Espacio en esquina<br>$49 \u2013 Espacio Premium<br>$85 \u2013 S\u00faper Espacio<br>$110 \u2013 Ultraespacio<\/p>\n\n\n\n<p><em>Los precios tambi\u00e9n var\u00edan seg\u00fan las ubicaciones. Los espacios m\u00e1s cercanos a la entrada o los puestos de comida pueden costar m\u00e1s que lo mencionado anteriormente.<\/em><\/p>\n<\/div>\n<\/div>\n\n\n\n<div style=\"height:50px\" aria-hidden=\"true\" class=\"wp-block-spacer\"><\/div>\n\n\n\n<h2 class=\"wp-block-heading has-text-align-center\" id=\"shopper-section\">Informaci\u00f3n del comprador<\/h2>\n\n\n\n<div style=\"height:20px\" aria-hidden=\"true\" class=\"wp-block-spacer\"><\/div>\n\n\n\n<h2 class=\"wp-block-heading\">VISITE EL MERCADO DE PULGAS DEL COLISEUM PARA OFERTAS, COMIDA FRESCA Y DIVERSI\u00d3N FAMILIAR<\/h2>\n\n\n\n<div class=\"wp-block-media-text is-stacked-on-mobile is-vertically-aligned-top mt-40 set-lazy-loading lctn-clms\"><figure class=\"wp-block-media-text__media\"><img loading=\"lazy\" decoding=\"async\" width=\"458\" height=\"360\" src=\"https:\/\/www.westwindpm.com\/es\/wp-content\/uploads\/sites\/7\/2023\/12\/Movie-Card.png?w=458\" alt=\"Movie-Card\" class=\"wp-image-1436 size-full\" srcset=\"https:\/\/www.westwindpm.com\/es\/wp-content\/uploads\/sites\/7\/2023\/12\/Movie-Card.png 458w, https:\/\/www.westwindpm.com\/es\/wp-content\/uploads\/sites\/7\/2023\/12\/Movie-Card.png?resize=300,236 300w\" sizes=\"auto, (max-width: 458px) 100vw, 458px\" \/><\/figure><div class=\"wp-block-media-text__content\">\n<h3 class=\"wp-block-heading\" id=\"h-abierto-todo-el-ano\">Abierto todo el a\u00f1o<\/h3>\n\n\n\n<div class=\"wp-block-columns is-layout-flex wp-container-core-columns-is-layout-9d6595d7 wp-block-columns-is-layout-flex\">\n<div class=\"wp-block-column is-layout-flow wp-block-column-is-layout-flow\" style=\"flex-basis:33.33%\">\n<p>Lunes:<br>Martes a Viernes:<br>S\u00e1bado y Domingo:<\/p>\n<\/div>\n\n\n\n<div class=\"wp-block-column is-layout-flow wp-block-column-is-layout-flow\" style=\"flex-basis:66.66%\">\n<p>7:00am &#8211; 2:00pm<br>6:00am &#8211; 4:00pm<br>6:00am &#8211; 5:00pm<\/p>\n<\/div>\n<\/div>\n\n\n\n<h3 class=\"wp-block-heading\" id=\"h-precios-de-entrada-para-compradores\">Precios de entrada para compradores<\/h3>\n\n\n\n<div class=\"wp-block-columns is-layout-flex wp-container-core-columns-is-layout-9d6595d7 wp-block-columns-is-layout-flex\">\n<div class=\"wp-block-column is-layout-flow wp-block-column-is-layout-flow\" style=\"flex-basis:33.33%\">\n<p>Lunes:<br>mi\u00e9rcoles:<br>jueves:<br>Martes:<br>Viernes:<br>S\u00e1bado:<br>Domingo<\/p>\n<\/div>\n\n\n\n<div class=\"wp-block-column is-layout-flow wp-block-column-is-layout-flow\" style=\"flex-basis:66.66%\">\n<p>$1.00<br>$1.00<br>$1.00<br>$1.25<br>$1.50<br>$1.75<br>$2.25<\/p>\n<\/div>\n<\/div>\n\n\n\n<p><em><em>\u00a1Los ni\u00f1os menores de 11 a\u00f1os siempre entran gratis!<\/em><a href=\"http:\/\/www.westwindpm.com\/locations\/solano?infoId=seller\"><\/a><\/em><\/p>\n<\/div><\/div>\n<\/div><\/div>\n<\/div><\/div>\n","protected":false},"excerpt":{"rendered":"<p>Informaci\u00f3n del vendedor Horas de configuraci\u00f3n del vendedor Lunes a Viernes6:00am &#8211; 11:00am S\u00e1bado y Domingo6:00am &#8211; 11:00am Alquiler de espacios para vendedores Tama\u00f1os de espacio t\u00edpicos Tama\u00f1o del espacio normal 20&#8242; x 20&#8242;Espacio \u201cL\u201d 20&#8242; x 28&#8242;Espacio en esquina 20&#8242; x 20&#8242;Espacio Premium 20\u2019 x 20\u2019S\u00faper Espacio 30\u2019 x20\u2019Ultraespacio 50&#8242; x 40&#8242; CONTACTOS IMPORTANTES [&hellip;]<\/p>\n","protected":false},"author":29,"featured_media":0,"parent":141,"menu_order":0,"comment_status":"closed","ping_status":"closed","template":"","meta":{"_acf_changed":false,"footnotes":""},"class_list":["post-2087","page","type-page","status-publish","hentry"],"acf":[],"yoast_head":"<!-- This site is optimized with the Yoast SEO Premium plugin v22.4 (Yoast SEO v27.3) - https:\/\/yoast.com\/product\/yoast-seo-premium-wordpress\/ -->\n<title>West Wind Coliseum Swap Meet in Oakland, CA | Entertainment, Bargain Shopping and Family Fun<\/title>\n<meta name=\"description\" content=\"Visit the West Wind Coliseum Swap Meet in Oakland for unbeatable bargains, fresh food and fun for the whole family!\" \/>\n<meta name=\"robots\" content=\"index, follow, max-snippet:-1, max-image-preview:large, max-video-preview:-1\" \/>\n<link rel=\"canonical\" href=\"https:\/\/www.westwindpm.com\/es\/locations\/oakland-ca\" \/>\n<meta property=\"og:locale\" content=\"en_US\" \/>\n<meta property=\"og:type\" content=\"article\" \/>\n<meta property=\"og:title\" content=\"Oakland, CA\" \/>\n<meta property=\"og:description\" content=\"Visit the West Wind Coliseum Swap Meet in Oakland for unbeatable bargains, fresh food and fun for the whole family!\" \/>\n<meta property=\"og:url\" content=\"https:\/\/www.westwindpm.com\/es\/locations\/oakland-ca\" \/>\n<meta property=\"og:site_name\" content=\"West Wind Public Market Spanish\" \/>\n<meta property=\"article:modified_time\" content=\"2024-03-26T12:20:29+00:00\" \/>\n<meta property=\"og:image\" content=\"https:\/\/sites.santacruzcinema.com\/westwindpm\/es\/wp-content\/uploads\/sites\/7\/2023\/12\/Movie-Card.png?w=458\" \/>\n<meta name=\"twitter:card\" content=\"summary_large_image\" \/>\n<meta name=\"twitter:label1\" content=\"Est. reading time\" \/>\n\t<meta name=\"twitter:data1\" content=\"3 minutes\" \/>\n<script type=\"application\/ld+json\" class=\"yoast-schema-graph\">{\"@context\":\"https:\\\/\\\/schema.org\",\"@graph\":[{\"@type\":\"WebPage\",\"@id\":\"https:\\\/\\\/www.westwindpm.com\\\/es\\\/locations\\\/oakland-ca\",\"url\":\"https:\\\/\\\/www.westwindpm.com\\\/es\\\/locations\\\/oakland-ca\",\"name\":\"West Wind Coliseum Swap Meet in Oakland, CA | Entertainment, Bargain Shopping and Family Fun\",\"isPartOf\":{\"@id\":\"https:\\\/\\\/www.westwindpm.com\\\/es\\\/#website\"},\"primaryImageOfPage\":{\"@id\":\"https:\\\/\\\/www.westwindpm.com\\\/es\\\/locations\\\/oakland-ca#primaryimage\"},\"image\":{\"@id\":\"https:\\\/\\\/www.westwindpm.com\\\/es\\\/locations\\\/oakland-ca#primaryimage\"},\"thumbnailUrl\":\"https:\\\/\\\/www.westwindpm.com\\\/es\\\/wp-content\\\/uploads\\\/sites\\\/7\\\/2023\\\/12\\\/Movie-Card.png?w=458\",\"datePublished\":\"2024-01-26T10:20:10+00:00\",\"dateModified\":\"2024-03-26T12:20:29+00:00\",\"description\":\"Visit the West Wind Coliseum Swap Meet in Oakland for unbeatable bargains, fresh food and fun for the whole family!\",\"breadcrumb\":{\"@id\":\"https:\\\/\\\/www.westwindpm.com\\\/es\\\/locations\\\/oakland-ca#breadcrumb\"},\"inLanguage\":\"en-US\",\"potentialAction\":[{\"@type\":\"ReadAction\",\"target\":[\"https:\\\/\\\/www.westwindpm.com\\\/es\\\/locations\\\/oakland-ca\"]}]},{\"@type\":\"ImageObject\",\"inLanguage\":\"en-US\",\"@id\":\"https:\\\/\\\/www.westwindpm.com\\\/es\\\/locations\\\/oakland-ca#primaryimage\",\"url\":\"https:\\\/\\\/www.westwindpm.com\\\/es\\\/wp-content\\\/uploads\\\/sites\\\/7\\\/2023\\\/12\\\/Movie-Card.png\",\"contentUrl\":\"https:\\\/\\\/www.westwindpm.com\\\/es\\\/wp-content\\\/uploads\\\/sites\\\/7\\\/2023\\\/12\\\/Movie-Card.png\",\"width\":458,\"height\":360,\"caption\":\"Movie-Card\"},{\"@type\":\"BreadcrumbList\",\"@id\":\"https:\\\/\\\/www.westwindpm.com\\\/es\\\/locations\\\/oakland-ca#breadcrumb\",\"itemListElement\":[{\"@type\":\"ListItem\",\"position\":1,\"name\":\"Home\",\"item\":\"https:\\\/\\\/www.westwindpm.com\\\/es\\\/\"},{\"@type\":\"ListItem\",\"position\":2,\"name\":\"Locations\",\"item\":\"https:\\\/\\\/www.westwindpm.com\\\/es\\\/locations\"},{\"@type\":\"ListItem\",\"position\":3,\"name\":\"Oakland, CA\"}]},{\"@type\":\"WebSite\",\"@id\":\"https:\\\/\\\/www.westwindpm.com\\\/es\\\/#website\",\"url\":\"https:\\\/\\\/www.westwindpm.com\\\/es\\\/\",\"name\":\"West Wind Public Market Spanish\",\"description\":\"\",\"publisher\":{\"@id\":\"https:\\\/\\\/www.westwindpm.com\\\/es\\\/#organization\"},\"potentialAction\":[{\"@type\":\"SearchAction\",\"target\":{\"@type\":\"EntryPoint\",\"urlTemplate\":\"https:\\\/\\\/www.westwindpm.com\\\/es\\\/?s={search_term_string}\"},\"query-input\":{\"@type\":\"PropertyValueSpecification\",\"valueRequired\":true,\"valueName\":\"search_term_string\"}}],\"inLanguage\":\"en-US\"},{\"@type\":\"Organization\",\"@id\":\"https:\\\/\\\/www.westwindpm.com\\\/es\\\/#organization\",\"name\":\"West Wind Public Market Spanish\",\"url\":\"https:\\\/\\\/www.westwindpm.com\\\/es\\\/\",\"logo\":{\"@type\":\"ImageObject\",\"inLanguage\":\"en-US\",\"@id\":\"https:\\\/\\\/www.westwindpm.com\\\/es\\\/#\\\/schema\\\/logo\\\/image\\\/\",\"url\":\"https:\\\/\\\/www.westwindpm.com\\\/es\\\/wp-content\\\/uploads\\\/sites\\\/7\\\/2024\\\/01\\\/westwind_pm_web.svg\",\"contentUrl\":\"https:\\\/\\\/www.westwindpm.com\\\/es\\\/wp-content\\\/uploads\\\/sites\\\/7\\\/2024\\\/01\\\/westwind_pm_web.svg\",\"caption\":\"West Wind Public Market Spanish\"},\"image\":{\"@id\":\"https:\\\/\\\/www.westwindpm.com\\\/es\\\/#\\\/schema\\\/logo\\\/image\\\/\"}}]}<\/script>\n<!-- \/ Yoast SEO Premium plugin. -->","yoast_head_json":{"title":"West Wind Coliseum Swap Meet in Oakland, CA | Entertainment, Bargain Shopping and Family Fun","description":"Visit the West Wind Coliseum Swap Meet in Oakland for unbeatable bargains, fresh food and fun for the whole family!","robots":{"index":"index","follow":"follow","max-snippet":"max-snippet:-1","max-image-preview":"max-image-preview:large","max-video-preview":"max-video-preview:-1"},"canonical":"https:\/\/www.westwindpm.com\/es\/locations\/oakland-ca","og_locale":"en_US","og_type":"article","og_title":"Oakland, CA","og_description":"Visit the West Wind Coliseum Swap Meet in Oakland for unbeatable bargains, fresh food and fun for the whole family!","og_url":"https:\/\/www.westwindpm.com\/es\/locations\/oakland-ca","og_site_name":"West Wind Public Market Spanish","article_modified_time":"2024-03-26T12:20:29+00:00","og_image":[{"url":"https:\/\/sites.santacruzcinema.com\/westwindpm\/es\/wp-content\/uploads\/sites\/7\/2023\/12\/Movie-Card.png?w=458","type":"","width":"","height":""}],"twitter_card":"summary_large_image","twitter_misc":{"Est. reading time":"3 minutes"},"schema":{"@context":"https:\/\/schema.org","@graph":[{"@type":"WebPage","@id":"https:\/\/www.westwindpm.com\/es\/locations\/oakland-ca","url":"https:\/\/www.westwindpm.com\/es\/locations\/oakland-ca","name":"West Wind Coliseum Swap Meet in Oakland, CA | Entertainment, Bargain Shopping and Family Fun","isPartOf":{"@id":"https:\/\/www.westwindpm.com\/es\/#website"},"primaryImageOfPage":{"@id":"https:\/\/www.westwindpm.com\/es\/locations\/oakland-ca#primaryimage"},"image":{"@id":"https:\/\/www.westwindpm.com\/es\/locations\/oakland-ca#primaryimage"},"thumbnailUrl":"https:\/\/www.westwindpm.com\/es\/wp-content\/uploads\/sites\/7\/2023\/12\/Movie-Card.png?w=458","datePublished":"2024-01-26T10:20:10+00:00","dateModified":"2024-03-26T12:20:29+00:00","description":"Visit the West Wind Coliseum Swap Meet in Oakland for unbeatable bargains, fresh food and fun for the whole family!","breadcrumb":{"@id":"https:\/\/www.westwindpm.com\/es\/locations\/oakland-ca#breadcrumb"},"inLanguage":"en-US","potentialAction":[{"@type":"ReadAction","target":["https:\/\/www.westwindpm.com\/es\/locations\/oakland-ca"]}]},{"@type":"ImageObject","inLanguage":"en-US","@id":"https:\/\/www.westwindpm.com\/es\/locations\/oakland-ca#primaryimage","url":"https:\/\/www.westwindpm.com\/es\/wp-content\/uploads\/sites\/7\/2023\/12\/Movie-Card.png","contentUrl":"https:\/\/www.westwindpm.com\/es\/wp-content\/uploads\/sites\/7\/2023\/12\/Movie-Card.png","width":458,"height":360,"caption":"Movie-Card"},{"@type":"BreadcrumbList","@id":"https:\/\/www.westwindpm.com\/es\/locations\/oakland-ca#breadcrumb","itemListElement":[{"@type":"ListItem","position":1,"name":"Home","item":"https:\/\/www.westwindpm.com\/es\/"},{"@type":"ListItem","position":2,"name":"Locations","item":"https:\/\/www.westwindpm.com\/es\/locations"},{"@type":"ListItem","position":3,"name":"Oakland, CA"}]},{"@type":"WebSite","@id":"https:\/\/www.westwindpm.com\/es\/#website","url":"https:\/\/www.westwindpm.com\/es\/","name":"West Wind Public Market Spanish","description":"","publisher":{"@id":"https:\/\/www.westwindpm.com\/es\/#organization"},"potentialAction":[{"@type":"SearchAction","target":{"@type":"EntryPoint","urlTemplate":"https:\/\/www.westwindpm.com\/es\/?s={search_term_string}"},"query-input":{"@type":"PropertyValueSpecification","valueRequired":true,"valueName":"search_term_string"}}],"inLanguage":"en-US"},{"@type":"Organization","@id":"https:\/\/www.westwindpm.com\/es\/#organization","name":"West Wind Public Market Spanish","url":"https:\/\/www.westwindpm.com\/es\/","logo":{"@type":"ImageObject","inLanguage":"en-US","@id":"https:\/\/www.westwindpm.com\/es\/#\/schema\/logo\/image\/","url":"https:\/\/www.westwindpm.com\/es\/wp-content\/uploads\/sites\/7\/2024\/01\/westwind_pm_web.svg","contentUrl":"https:\/\/www.westwindpm.com\/es\/wp-content\/uploads\/sites\/7\/2024\/01\/westwind_pm_web.svg","caption":"West Wind Public Market Spanish"},"image":{"@id":"https:\/\/www.westwindpm.com\/es\/#\/schema\/logo\/image\/"}}]}},"parsely":{"version":"1.1.0","canonical_url":"https:\/\/es.westwindpm.com\/es\/locations\/oakland-ca","smart_links":{"inbound":0,"outbound":0},"traffic_boost_suggestions_count":0,"meta":{"@context":"https:\/\/schema.org","@type":"WebPage","headline":"Oakland, CA","url":"http:\/\/www.westwindpm.com\/es\/locations\/oakland-ca","mainEntityOfPage":{"@type":"WebPage","@id":"http:\/\/www.westwindpm.com\/es\/locations\/oakland-ca"},"thumbnailUrl":"","image":{"@type":"ImageObject","url":""},"articleSection":"Uncategorized","author":[{"@type":"Person","name":"maniscalco"}],"creator":["maniscalco"],"publisher":{"@type":"Organization","name":"West Wind Public Market Spanish","logo":""},"keywords":[],"dateCreated":"2024-01-26T10:20:10Z","datePublished":"2024-01-26T10:20:10Z","dateModified":"2024-03-26T12:20:29Z"},"rendered":"<script type=\"application\/ld+json\" class=\"wp-parsely-metadata\">{\"@context\":\"https:\\\/\\\/schema.org\",\"@type\":\"WebPage\",\"headline\":\"Oakland, CA\",\"url\":\"http:\\\/\\\/www.westwindpm.com\\\/es\\\/locations\\\/oakland-ca\",\"mainEntityOfPage\":{\"@type\":\"WebPage\",\"@id\":\"http:\\\/\\\/www.westwindpm.com\\\/es\\\/locations\\\/oakland-ca\"},\"thumbnailUrl\":\"\",\"image\":{\"@type\":\"ImageObject\",\"url\":\"\"},\"articleSection\":\"Uncategorized\",\"author\":[{\"@type\":\"Person\",\"name\":\"maniscalco\"}],\"creator\":[\"maniscalco\"],\"publisher\":{\"@type\":\"Organization\",\"name\":\"West Wind Public Market Spanish\",\"logo\":\"\"},\"keywords\":[],\"dateCreated\":\"2024-01-26T10:20:10Z\",\"datePublished\":\"2024-01-26T10:20:10Z\",\"dateModified\":\"2024-03-26T12:20:29Z\"}<\/script>","tracker_url":"https:\/\/cdn.parsely.com\/keys\/es.westwindpm.com\/p.js"},"jetpack_sharing_enabled":true,"_links":{"self":[{"href":"https:\/\/www.westwindpm.com\/es\/wp-json\/wp\/v2\/pages\/2087","targetHints":{"allow":["GET"]}}],"collection":[{"href":"https:\/\/www.westwindpm.com\/es\/wp-json\/wp\/v2\/pages"}],"about":[{"href":"https:\/\/www.westwindpm.com\/es\/wp-json\/wp\/v2\/types\/page"}],"author":[{"embeddable":true,"href":"https:\/\/www.westwindpm.com\/es\/wp-json\/wp\/v2\/users\/29"}],"replies":[{"embeddable":true,"href":"https:\/\/www.westwindpm.com\/es\/wp-json\/wp\/v2\/comments?post=2087"}],"version-history":[{"count":19,"href":"https:\/\/www.westwindpm.com\/es\/wp-json\/wp\/v2\/pages\/2087\/revisions"}],"predecessor-version":[{"id":2304,"href":"https:\/\/www.westwindpm.com\/es\/wp-json\/wp\/v2\/pages\/2087\/revisions\/2304"}],"up":[{"embeddable":true,"href":"https:\/\/www.westwindpm.com\/es\/wp-json\/wp\/v2\/pages\/141"}],"wp:attachment":[{"href":"https:\/\/www.westwindpm.com\/es\/wp-json\/wp\/v2\/media?parent=2087"}],"curies":[{"name":"wp","href":"https:\/\/api.w.org\/{rel}","templated":true}]}}