{"id":2079,"date":"2024-01-26T09:45:27","date_gmt":"2024-01-26T09:45:27","guid":{"rendered":"https:\/\/sites.santacruzcinema.com\/westwindpm\/es\/?page_id=2079"},"modified":"2024-03-26T12:20:29","modified_gmt":"2024-03-26T12:20:29","slug":"reno-nv","status":"publish","type":"page","link":"https:\/\/www.westwindpm.com\/es\/locations\/reno-nv","title":{"rendered":"Reno, NV"},"content":{"rendered":"\t\t<style>\n\t\t\tsection.Westwindpm-hero-banner{\n\t\t\t\tbackground-image: url('https:\/\/www.westwindpm.com\/es\/wp-content\/uploads\/sites\/7\/2024\/03\/Reno.jpg ');\n\t\t\t\tmin-height: 637px\t\t\t}\n\t\t\t\/* @media (max-width: 481px){\n\t\t\t\tsection.Westwindpm-hero-banner{\n\t\t\t\t\tbackground-image: url('https:\/\/www.westwindpm.com\/es\/wp-content\/uploads\/sites\/7\/2024\/03\/Reno.jpg ');\n\t\t\t\t} *\/\n\t\t\t}\n\t\t<\/style>\n\t\t<section class=\"Westwindpm-hero-banner \">\n\t\t\t<div class=\"for-responsive\">\n\t\t\t\t<img loading=\"lazy\" decoding=\"async\" src=\"https:\/\/www.westwindpm.com\/es\/wp-content\/uploads\/sites\/7\/2024\/03\/Reno.jpg\" height=\"400\" width=\"480\" alt=\"mobile-img\">\n\t\t\t<\/div>\n\t\t\t<div class='container'>\n\t\t\t\t<div class='hero-banner-inner'>\n\t\t\t\t\t\t\t\t\t\t\t<h1 class=\"heading\" style=\"color:#a11f21;font-size:\">MERCADO RENO<\/h1>\n\t\t\t\t\t\t\t\t\t\t\t\t<p class=\"content\" style=\"color:#000000;font-size:\">productos frescos<\/p>\n\t\t\t\t\t\t\t\t\t\t<\/div>\n\t\t\t<\/div>\t\n\t\t<\/section>\n\t\t\n\n\n<div class=\"wp-block-group westwindpm-main-content-outer\"><div class=\"wp-block-group__inner-container is-layout-constrained wp-block-group-is-layout-constrained\">\n<div class=\"wp-block-group container\"><div class=\"wp-block-group__inner-container is-layout-constrained wp-block-group-is-layout-constrained\">\n<h2 class=\"wp-block-heading has-text-align-center\" id=\"seller-section\">Informaci\u00f3n del vendedor<\/h2>\n\n\n\n<div class=\"wp-block-columns mt-40 is-layout-flex wp-container-core-columns-is-layout-9d6595d7 wp-block-columns-is-layout-flex\">\n<div class=\"wp-block-column is-layout-flow wp-block-column-is-layout-flow\">\n<h3 class=\"wp-block-heading\">Horas de configuraci\u00f3n del vendedor<\/h3>\n\n\n\n<p>S\u00e1bado<br>7:00 am \u2013 4:00 pm para vendedores reservados<br>8:00 am \u2013 4:00 pm para vendedores no reservados<\/p>\n\n\n\n<p>Domingo<br>6:00 am \u2013 4:00 pm para vendedores reservados<br>8:00 am \u2013 4:00 pm para vendedores no reservados<\/p>\n\n\n\n<h3 class=\"wp-block-heading\" id=\"h-alquiler-de-espacios-para-vendedores\">Alquiler de espacios para vendedores<\/h3>\n\n\n\n<p>Tama\u00f1o t\u00edpico de espacio normal 15&#8242; x 15&#8242;<\/p>\n\n\n\n<div class=\"wp-block-buttons is-layout-flex wp-block-buttons-is-layout-flex\">\n<div class=\"wp-block-button\"><a class=\"wp-block-button__link has-background wp-element-button\" href=\"https:\/\/www.westwindpm.com\/es\/wp-content\/uploads\/sites\/7\/2024\/03\/ElRanchoMap.pdf\" style=\"background-color:#1a3555\" target=\"_blank\" rel=\"noreferrer noopener\">MAPA DE LOCALIZACI\u00d3N<\/a><\/div>\n\n\n\n<div class=\"wp-block-button\"><a class=\"wp-block-button__link has-background wp-element-button\" href=\"https:\/\/www.westwindpm.com\/es\/wp-content\/uploads\/sites\/7\/2024\/03\/TerminosCondiciones.pdf\" style=\"background-color:#1a3555\" target=\"_blank\" rel=\"noreferrer noopener\">T\u00c9RMINOS<\/a><\/div>\n<\/div>\n\n\n\n<h3 class=\"wp-block-heading\" id=\"h-contactos-importantes\">Contactos importantes<\/h3>\n\n\n\n<p>Gerente general:<br>Daisy Ruiz<br>555 El Rancho Dr.<br>Sparks, NV 89431<br>(775) 331-3227<br><a href=\"mailto:gm_elrancho@150pelican.com\">gm_elrancho@150pelican.com<\/a><\/p>\n<\/div>\n\n\n\n<div class=\"wp-block-column is-layout-flow wp-block-column-is-layout-flow\">\n<h3 class=\"wp-block-heading\" id=\"h-reservas-anuales\">Reservas Anuales<\/h3>\n\n\n\n<p>Las reservas anuales solo est\u00e1n disponibles una vez al a\u00f1o durante marzo y se realizan de abril a marzo. Las reservaciones cuestan $180 por a\u00f1o m\u00e1s $20 por espacio cada s\u00e1bado o domingo. Los vendedores deben pagar la tarifa del permiso municipal todos los d\u00edas.<\/p>\n\n\n\n<h3 class=\"wp-block-heading\" id=\"h-reserva-mensual\">Reserva Mensual<\/h3>\n\n\n\n<p>Se pueden realizar nuevas reservas mensuales a partir del primer domingo del mes y solo duran ese mes. Las reservas mensuales s\u00f3lo se pueden realizar para s\u00e1bado y domingo juntos. Las reservaciones cuestan $40 por mes m\u00e1s $20 cada s\u00e1bado y cada domingo. Los vendedores deben pagar la tarifa del permiso municipal todos los d\u00edas.<\/p>\n\n\n\n<h3 class=\"wp-block-heading\" id=\"h-precios-diarios-del-vendedor\">Precios diarios del vendedor<\/h3>\n\n\n\n<p>S\u00e1bado y Domingo (precio por d\u00eda)<br>$20 por espacio para vendedores reservados<br>$25 por espacio para vendedores no reservados<\/p>\n\n\n\n<p>Tarifa del permiso de la ciudad: $1 por espacio cada d\u00eda<\/p>\n<\/div>\n<\/div>\n\n\n\n<div style=\"height:50px\" aria-hidden=\"true\" class=\"wp-block-spacer\"><\/div>\n\n\n\n<h2 class=\"wp-block-heading has-text-align-center\" id=\"shopper-section\">Informaci\u00f3n del comprador<\/h2>\n\n\n\n<div style=\"height:20px\" aria-hidden=\"true\" class=\"wp-block-spacer\"><\/div>\n\n\n\n<h2 class=\"wp-block-heading\">VISITE EL MERCADO DE PULGAS DE EL RANCHO PARA OFERTAS, COMIDA FRESCA Y DIVERSI\u00d3N FAMILIAR<\/h2>\n\n\n\n<div class=\"wp-block-media-text is-stacked-on-mobile is-vertically-aligned-top mt-40 set-lazy-loading lctn-clms\"><figure class=\"wp-block-media-text__media\"><img loading=\"lazy\" decoding=\"async\" width=\"458\" height=\"360\" src=\"https:\/\/www.westwindpm.com\/es\/wp-content\/uploads\/sites\/7\/2023\/12\/Movie-Card.png?w=458\" alt=\"Movie-Card\" class=\"wp-image-1436 size-full\" srcset=\"https:\/\/www.westwindpm.com\/es\/wp-content\/uploads\/sites\/7\/2023\/12\/Movie-Card.png 458w, https:\/\/www.westwindpm.com\/es\/wp-content\/uploads\/sites\/7\/2023\/12\/Movie-Card.png?resize=300,236 300w\" sizes=\"auto, (max-width: 458px) 100vw, 458px\" \/><\/figure><div class=\"wp-block-media-text__content\">\n<h3 class=\"wp-block-heading\" id=\"h-abierto-todo-el-ano\">Abierto todo el a\u00f1o<\/h3>\n\n\n\n<div class=\"wp-block-columns is-layout-flex wp-container-core-columns-is-layout-9d6595d7 wp-block-columns-is-layout-flex\">\n<div class=\"wp-block-column is-layout-flow wp-block-column-is-layout-flow\" style=\"flex-basis:40%\">\n<p>S\u00e1bado y Domingo:<\/p>\n<\/div>\n\n\n\n<div class=\"wp-block-column is-layout-flow wp-block-column-is-layout-flow\" style=\"flex-basis:60%\">\n<p>8:00am &#8211; 3:00pm<\/p>\n<\/div>\n<\/div>\n\n\n\n<h3 class=\"wp-block-heading\" id=\"h-precios-de-entrada-para-compradores\">Precios de entrada para compradores<\/h3>\n\n\n\n<div class=\"wp-block-columns is-layout-flex wp-container-core-columns-is-layout-9d6595d7 wp-block-columns-is-layout-flex\">\n<div class=\"wp-block-column is-layout-flow wp-block-column-is-layout-flow\" style=\"flex-basis:33.33%\">\n<p>S\u00e1bado:<br>Domingo:<\/p>\n<\/div>\n\n\n\n<div class=\"wp-block-column is-layout-flow wp-block-column-is-layout-flow\" style=\"flex-basis:66.66%\">\n<p>$0.25<br>$1.00<\/p>\n<\/div>\n<\/div>\n\n\n\n<p><em>\u00a1Los ni\u00f1os menores de 11 a\u00f1os siempre entran gratis!<\/em><a href=\"http:\/\/www.westwindpm.com\/locations\/solano?infoId=seller\"><\/a><a href=\"http:\/\/www.westwindpm.com\/locations\/el-rancho?infoId=seller\"><\/a><\/p>\n<\/div><\/div>\n<\/div><\/div>\n<\/div><\/div>\n","protected":false},"excerpt":{"rendered":"<p>Informaci\u00f3n del vendedor Horas de configuraci\u00f3n del vendedor S\u00e1bado7:00 am \u2013 4:00 pm para vendedores reservados8:00 am \u2013 4:00 pm para vendedores no reservados Domingo6:00 am \u2013 4:00 pm para vendedores reservados8:00 am \u2013 4:00 pm para vendedores no reservados Alquiler de espacios para vendedores Tama\u00f1o t\u00edpico de espacio normal 15&#8242; x 15&#8242; Contactos importantes [&hellip;]<\/p>\n","protected":false},"author":29,"featured_media":0,"parent":141,"menu_order":0,"comment_status":"closed","ping_status":"closed","template":"","meta":{"_acf_changed":false,"footnotes":""},"class_list":["post-2079","page","type-page","status-publish","hentry"],"acf":[],"yoast_head":"<!-- This site is optimized with the Yoast SEO Premium plugin v22.4 (Yoast SEO v27.3) - https:\/\/yoast.com\/product\/yoast-seo-premium-wordpress\/ -->\n<title>West Wind El Rancho Swap Meet in Reno, NV | Weekend Entertainment, Bargain Shopping, and Family Fun<\/title>\n<meta name=\"description\" content=\"Visit the West Wind El Rancho Swap Meet in Reno for unbeatable bargains, fresh food, and fun for the whole family!\" \/>\n<meta name=\"robots\" content=\"index, follow, max-snippet:-1, max-image-preview:large, max-video-preview:-1\" \/>\n<link rel=\"canonical\" href=\"https:\/\/www.westwindpm.com\/es\/locations\/reno-nv\" \/>\n<meta property=\"og:locale\" content=\"en_US\" \/>\n<meta property=\"og:type\" content=\"article\" \/>\n<meta property=\"og:title\" content=\"Reno, NV\" \/>\n<meta property=\"og:description\" content=\"Visit the West Wind El Rancho Swap Meet in Reno for unbeatable bargains, fresh food, and fun for the whole family!\" \/>\n<meta property=\"og:url\" content=\"https:\/\/www.westwindpm.com\/es\/locations\/reno-nv\" \/>\n<meta property=\"og:site_name\" content=\"West Wind Public Market Spanish\" \/>\n<meta property=\"article:modified_time\" content=\"2024-03-26T12:20:29+00:00\" \/>\n<meta property=\"og:image\" content=\"https:\/\/sites.santacruzcinema.com\/westwindpm\/es\/wp-content\/uploads\/sites\/7\/2023\/12\/Movie-Card.png?w=458\" \/>\n<meta name=\"twitter:card\" content=\"summary_large_image\" \/>\n<meta name=\"twitter:label1\" content=\"Est. reading time\" \/>\n\t<meta name=\"twitter:data1\" content=\"2 minutes\" \/>\n<script type=\"application\/ld+json\" class=\"yoast-schema-graph\">{\"@context\":\"https:\\\/\\\/schema.org\",\"@graph\":[{\"@type\":\"WebPage\",\"@id\":\"https:\\\/\\\/www.westwindpm.com\\\/es\\\/locations\\\/reno-nv\",\"url\":\"https:\\\/\\\/www.westwindpm.com\\\/es\\\/locations\\\/reno-nv\",\"name\":\"West Wind El Rancho Swap Meet in Reno, NV | Weekend Entertainment, Bargain Shopping, and Family Fun\",\"isPartOf\":{\"@id\":\"https:\\\/\\\/www.westwindpm.com\\\/es\\\/#website\"},\"primaryImageOfPage\":{\"@id\":\"https:\\\/\\\/www.westwindpm.com\\\/es\\\/locations\\\/reno-nv#primaryimage\"},\"image\":{\"@id\":\"https:\\\/\\\/www.westwindpm.com\\\/es\\\/locations\\\/reno-nv#primaryimage\"},\"thumbnailUrl\":\"https:\\\/\\\/www.westwindpm.com\\\/es\\\/wp-content\\\/uploads\\\/sites\\\/7\\\/2023\\\/12\\\/Movie-Card.png?w=458\",\"datePublished\":\"2024-01-26T09:45:27+00:00\",\"dateModified\":\"2024-03-26T12:20:29+00:00\",\"description\":\"Visit the West Wind El Rancho Swap Meet in Reno for unbeatable bargains, fresh food, and fun for the whole family!\",\"breadcrumb\":{\"@id\":\"https:\\\/\\\/www.westwindpm.com\\\/es\\\/locations\\\/reno-nv#breadcrumb\"},\"inLanguage\":\"en-US\",\"potentialAction\":[{\"@type\":\"ReadAction\",\"target\":[\"https:\\\/\\\/www.westwindpm.com\\\/es\\\/locations\\\/reno-nv\"]}]},{\"@type\":\"ImageObject\",\"inLanguage\":\"en-US\",\"@id\":\"https:\\\/\\\/www.westwindpm.com\\\/es\\\/locations\\\/reno-nv#primaryimage\",\"url\":\"https:\\\/\\\/www.westwindpm.com\\\/es\\\/wp-content\\\/uploads\\\/sites\\\/7\\\/2023\\\/12\\\/Movie-Card.png\",\"contentUrl\":\"https:\\\/\\\/www.westwindpm.com\\\/es\\\/wp-content\\\/uploads\\\/sites\\\/7\\\/2023\\\/12\\\/Movie-Card.png\",\"width\":458,\"height\":360,\"caption\":\"Movie-Card\"},{\"@type\":\"BreadcrumbList\",\"@id\":\"https:\\\/\\\/www.westwindpm.com\\\/es\\\/locations\\\/reno-nv#breadcrumb\",\"itemListElement\":[{\"@type\":\"ListItem\",\"position\":1,\"name\":\"Home\",\"item\":\"https:\\\/\\\/www.westwindpm.com\\\/es\\\/\"},{\"@type\":\"ListItem\",\"position\":2,\"name\":\"Locations\",\"item\":\"https:\\\/\\\/www.westwindpm.com\\\/es\\\/locations\"},{\"@type\":\"ListItem\",\"position\":3,\"name\":\"Reno, NV\"}]},{\"@type\":\"WebSite\",\"@id\":\"https:\\\/\\\/www.westwindpm.com\\\/es\\\/#website\",\"url\":\"https:\\\/\\\/www.westwindpm.com\\\/es\\\/\",\"name\":\"West Wind Public Market Spanish\",\"description\":\"\",\"publisher\":{\"@id\":\"https:\\\/\\\/www.westwindpm.com\\\/es\\\/#organization\"},\"potentialAction\":[{\"@type\":\"SearchAction\",\"target\":{\"@type\":\"EntryPoint\",\"urlTemplate\":\"https:\\\/\\\/www.westwindpm.com\\\/es\\\/?s={search_term_string}\"},\"query-input\":{\"@type\":\"PropertyValueSpecification\",\"valueRequired\":true,\"valueName\":\"search_term_string\"}}],\"inLanguage\":\"en-US\"},{\"@type\":\"Organization\",\"@id\":\"https:\\\/\\\/www.westwindpm.com\\\/es\\\/#organization\",\"name\":\"West Wind Public Market Spanish\",\"url\":\"https:\\\/\\\/www.westwindpm.com\\\/es\\\/\",\"logo\":{\"@type\":\"ImageObject\",\"inLanguage\":\"en-US\",\"@id\":\"https:\\\/\\\/www.westwindpm.com\\\/es\\\/#\\\/schema\\\/logo\\\/image\\\/\",\"url\":\"https:\\\/\\\/www.westwindpm.com\\\/es\\\/wp-content\\\/uploads\\\/sites\\\/7\\\/2024\\\/01\\\/westwind_pm_web.svg\",\"contentUrl\":\"https:\\\/\\\/www.westwindpm.com\\\/es\\\/wp-content\\\/uploads\\\/sites\\\/7\\\/2024\\\/01\\\/westwind_pm_web.svg\",\"caption\":\"West Wind Public Market Spanish\"},\"image\":{\"@id\":\"https:\\\/\\\/www.westwindpm.com\\\/es\\\/#\\\/schema\\\/logo\\\/image\\\/\"}}]}<\/script>\n<!-- \/ Yoast SEO Premium plugin. -->","yoast_head_json":{"title":"West Wind El Rancho Swap Meet in Reno, NV | Weekend Entertainment, Bargain Shopping, and Family Fun","description":"Visit the West Wind El Rancho Swap Meet in Reno for unbeatable bargains, fresh food, and fun for the whole family!","robots":{"index":"index","follow":"follow","max-snippet":"max-snippet:-1","max-image-preview":"max-image-preview:large","max-video-preview":"max-video-preview:-1"},"canonical":"https:\/\/www.westwindpm.com\/es\/locations\/reno-nv","og_locale":"en_US","og_type":"article","og_title":"Reno, NV","og_description":"Visit the West Wind El Rancho Swap Meet in Reno for unbeatable bargains, fresh food, and fun for the whole family!","og_url":"https:\/\/www.westwindpm.com\/es\/locations\/reno-nv","og_site_name":"West Wind Public Market Spanish","article_modified_time":"2024-03-26T12:20:29+00:00","og_image":[{"url":"https:\/\/sites.santacruzcinema.com\/westwindpm\/es\/wp-content\/uploads\/sites\/7\/2023\/12\/Movie-Card.png?w=458","type":"","width":"","height":""}],"twitter_card":"summary_large_image","twitter_misc":{"Est. reading time":"2 minutes"},"schema":{"@context":"https:\/\/schema.org","@graph":[{"@type":"WebPage","@id":"https:\/\/www.westwindpm.com\/es\/locations\/reno-nv","url":"https:\/\/www.westwindpm.com\/es\/locations\/reno-nv","name":"West Wind El Rancho Swap Meet in Reno, NV | Weekend Entertainment, Bargain Shopping, and Family Fun","isPartOf":{"@id":"https:\/\/www.westwindpm.com\/es\/#website"},"primaryImageOfPage":{"@id":"https:\/\/www.westwindpm.com\/es\/locations\/reno-nv#primaryimage"},"image":{"@id":"https:\/\/www.westwindpm.com\/es\/locations\/reno-nv#primaryimage"},"thumbnailUrl":"https:\/\/www.westwindpm.com\/es\/wp-content\/uploads\/sites\/7\/2023\/12\/Movie-Card.png?w=458","datePublished":"2024-01-26T09:45:27+00:00","dateModified":"2024-03-26T12:20:29+00:00","description":"Visit the West Wind El Rancho Swap Meet in Reno for unbeatable bargains, fresh food, and fun for the whole family!","breadcrumb":{"@id":"https:\/\/www.westwindpm.com\/es\/locations\/reno-nv#breadcrumb"},"inLanguage":"en-US","potentialAction":[{"@type":"ReadAction","target":["https:\/\/www.westwindpm.com\/es\/locations\/reno-nv"]}]},{"@type":"ImageObject","inLanguage":"en-US","@id":"https:\/\/www.westwindpm.com\/es\/locations\/reno-nv#primaryimage","url":"https:\/\/www.westwindpm.com\/es\/wp-content\/uploads\/sites\/7\/2023\/12\/Movie-Card.png","contentUrl":"https:\/\/www.westwindpm.com\/es\/wp-content\/uploads\/sites\/7\/2023\/12\/Movie-Card.png","width":458,"height":360,"caption":"Movie-Card"},{"@type":"BreadcrumbList","@id":"https:\/\/www.westwindpm.com\/es\/locations\/reno-nv#breadcrumb","itemListElement":[{"@type":"ListItem","position":1,"name":"Home","item":"https:\/\/www.westwindpm.com\/es\/"},{"@type":"ListItem","position":2,"name":"Locations","item":"https:\/\/www.westwindpm.com\/es\/locations"},{"@type":"ListItem","position":3,"name":"Reno, NV"}]},{"@type":"WebSite","@id":"https:\/\/www.westwindpm.com\/es\/#website","url":"https:\/\/www.westwindpm.com\/es\/","name":"West Wind Public Market Spanish","description":"","publisher":{"@id":"https:\/\/www.westwindpm.com\/es\/#organization"},"potentialAction":[{"@type":"SearchAction","target":{"@type":"EntryPoint","urlTemplate":"https:\/\/www.westwindpm.com\/es\/?s={search_term_string}"},"query-input":{"@type":"PropertyValueSpecification","valueRequired":true,"valueName":"search_term_string"}}],"inLanguage":"en-US"},{"@type":"Organization","@id":"https:\/\/www.westwindpm.com\/es\/#organization","name":"West Wind Public Market Spanish","url":"https:\/\/www.westwindpm.com\/es\/","logo":{"@type":"ImageObject","inLanguage":"en-US","@id":"https:\/\/www.westwindpm.com\/es\/#\/schema\/logo\/image\/","url":"https:\/\/www.westwindpm.com\/es\/wp-content\/uploads\/sites\/7\/2024\/01\/westwind_pm_web.svg","contentUrl":"https:\/\/www.westwindpm.com\/es\/wp-content\/uploads\/sites\/7\/2024\/01\/westwind_pm_web.svg","caption":"West Wind Public Market Spanish"},"image":{"@id":"https:\/\/www.westwindpm.com\/es\/#\/schema\/logo\/image\/"}}]}},"parsely":{"version":"1.1.0","canonical_url":"https:\/\/es.westwindpm.com\/es\/locations\/reno-nv","smart_links":{"inbound":0,"outbound":0},"traffic_boost_suggestions_count":0,"meta":{"@context":"https:\/\/schema.org","@type":"WebPage","headline":"Reno, NV","url":"http:\/\/www.westwindpm.com\/es\/locations\/reno-nv","mainEntityOfPage":{"@type":"WebPage","@id":"http:\/\/www.westwindpm.com\/es\/locations\/reno-nv"},"thumbnailUrl":"","image":{"@type":"ImageObject","url":""},"articleSection":"Uncategorized","author":[{"@type":"Person","name":"maniscalco"}],"creator":["maniscalco"],"publisher":{"@type":"Organization","name":"West Wind Public Market Spanish","logo":""},"keywords":[],"dateCreated":"2024-01-26T09:45:27Z","datePublished":"2024-01-26T09:45:27Z","dateModified":"2024-03-26T12:20:29Z"},"rendered":"<script type=\"application\/ld+json\" class=\"wp-parsely-metadata\">{\"@context\":\"https:\\\/\\\/schema.org\",\"@type\":\"WebPage\",\"headline\":\"Reno, NV\",\"url\":\"http:\\\/\\\/www.westwindpm.com\\\/es\\\/locations\\\/reno-nv\",\"mainEntityOfPage\":{\"@type\":\"WebPage\",\"@id\":\"http:\\\/\\\/www.westwindpm.com\\\/es\\\/locations\\\/reno-nv\"},\"thumbnailUrl\":\"\",\"image\":{\"@type\":\"ImageObject\",\"url\":\"\"},\"articleSection\":\"Uncategorized\",\"author\":[{\"@type\":\"Person\",\"name\":\"maniscalco\"}],\"creator\":[\"maniscalco\"],\"publisher\":{\"@type\":\"Organization\",\"name\":\"West Wind Public Market Spanish\",\"logo\":\"\"},\"keywords\":[],\"dateCreated\":\"2024-01-26T09:45:27Z\",\"datePublished\":\"2024-01-26T09:45:27Z\",\"dateModified\":\"2024-03-26T12:20:29Z\"}<\/script>","tracker_url":"https:\/\/cdn.parsely.com\/keys\/es.westwindpm.com\/p.js"},"jetpack_sharing_enabled":true,"_links":{"self":[{"href":"https:\/\/www.westwindpm.com\/es\/wp-json\/wp\/v2\/pages\/2079","targetHints":{"allow":["GET"]}}],"collection":[{"href":"https:\/\/www.westwindpm.com\/es\/wp-json\/wp\/v2\/pages"}],"about":[{"href":"https:\/\/www.westwindpm.com\/es\/wp-json\/wp\/v2\/types\/page"}],"author":[{"embeddable":true,"href":"https:\/\/www.westwindpm.com\/es\/wp-json\/wp\/v2\/users\/29"}],"replies":[{"embeddable":true,"href":"https:\/\/www.westwindpm.com\/es\/wp-json\/wp\/v2\/comments?post=2079"}],"version-history":[{"count":13,"href":"https:\/\/www.westwindpm.com\/es\/wp-json\/wp\/v2\/pages\/2079\/revisions"}],"predecessor-version":[{"id":2292,"href":"https:\/\/www.westwindpm.com\/es\/wp-json\/wp\/v2\/pages\/2079\/revisions\/2292"}],"up":[{"embeddable":true,"href":"https:\/\/www.westwindpm.com\/es\/wp-json\/wp\/v2\/pages\/141"}],"wp:attachment":[{"href":"https:\/\/www.westwindpm.com\/es\/wp-json\/wp\/v2\/media?parent=2079"}],"curies":[{"name":"wp","href":"https:\/\/api.w.org\/{rel}","templated":true}]}}