{"id":130,"date":"2023-11-30T05:52:43","date_gmt":"2023-11-30T05:52:43","guid":{"rendered":"https:\/\/prj-cinema.md-staging.com\/westwindpm\/?page_id=130"},"modified":"2024-03-26T12:20:31","modified_gmt":"2024-03-26T12:20:31","slug":"terms","status":"publish","type":"page","link":"https:\/\/www.westwindpm.com\/es\/terms","title":{"rendered":"Terms Of Use"},"content":{"rendered":"\n<div style=\"height:50px\" aria-hidden=\"true\" class=\"wp-block-spacer\"><\/div>\n\n\n\n<div class=\"wp-block-cover is-light common-outer\"><span aria-hidden=\"true\" class=\"wp-block-cover__background has-background-dim-0 has-background-dim\"><\/span><div class=\"wp-block-cover__inner-container is-layout-constrained wp-block-cover-is-layout-constrained\">\n<div class=\"wp-block-group Test container\"><div class=\"wp-block-group__inner-container is-layout-constrained wp-block-group-is-layout-constrained\">\n<div class=\"wp-block-columns main-content-area-clms is-layout-flex wp-container-core-columns-is-layout-9d6595d7 wp-block-columns-is-layout-flex\">\n<div class=\"wp-block-column is-layout-flow wp-block-column-is-layout-flow\" style=\"flex-basis:100%\">\n<h1 class=\"wp-block-heading\" id=\"h-condiciones-de-uso\">Condiciones de uso<\/h1>\n\n\n\n<p>Vigente desde 6 de mayo de 2017<\/p>\n\n\n\n<p>El uso de www.westwinddi.com y www.westwindpm.com, inclusive sus respectivos subdominios (de manera colectiva, el &#8220;sitio&#8221;), se rige por estos t\u00e9rminos de uso (&#8220;t\u00e9rminos&#8221;) y la pol\u00edtica de privacidad de nuestro sitio web (&#8220;pol\u00edtica&#8221;). Los nombres de dominio www.westwinddi.com y www.westwindpm.com, incluidos sus respectivos subdominios, son propiedad y son operados por Syufy Enterprises (&#8220;Syufy&#8221;) y\/o sus filiales. Al usar el sitio, usted acepta estos t\u00e9rminos y la pol\u00edtica. Si no est\u00e1 de acuerdo con estos t\u00e9rminos o la pol\u00edtica, no debe usar el sitio. Nos reservamos el derecho de modificar estos t\u00e9rminos o la pol\u00edtica en cualquier momento, por tanto, por favor rev\u00edselos con frecuencia. Si cambiamos estos t\u00e9rminos o la pol\u00edtica, publicaremos en nuestro sitio las versiones revisadas. Si sigue usando el sitio despu\u00e9s de eso, usted otorga con ese acto su consentimiento a las versiones revisadas.<\/p>\n\n\n\n<p><strong>Aviso de derechos de autor y marcas registradas<\/strong><br>El contenido y la informaci\u00f3n mostrado en este sitio es propiedad de Syufy. Queda estrictamente prohibida la reproducci\u00f3n, descarga o retransmisi\u00f3n de esta informaci\u00f3n, salvo para uso individual no comercial. El sitio puede contener o hacer referencias a marcas registradas, patentes, materiales con derechos de autor, secretos comerciales, tecnolog\u00edas, procesos, productos u otros derechos propiedad de terceros. West Wind Drive-Ins &amp; Public Markets \u00ae y West Wind Public Markets \u00ae, son marcas registradas de Syufy y\/o sus filiales. No se le concede ni confiere ninguna autorizaci\u00f3n o derecho con respecto de las citadas marcas comerciales, patentes, materiales con derechos de autor, secretos comerciales, tecnolog\u00edas, procesos, productos y otros derechos de propiedad de Syufy, sus afiliadas y\/o otras partes.<\/p>\n\n\n\n<p><strong>Material enviado<\/strong><br>Toda comunicaci\u00f3n o material enviado a Syufy, incluida retroalimentaci\u00f3n, preguntas, comentarios o sugerencias pasar\u00e1n a ser propiedad exclusiva de Syufy. No se contempla el derecho a la confidencialidad de sus comunicaciones, ni Syufy tendr\u00e1 la obligaci\u00f3n de proteger sus comunicaciones en contra de divulgaci\u00f3n. Syufy tendr\u00e1 libertad de usar cualquier idea, concepto, conocimiento, contenido o t\u00e9cnica contenida en sus comunicaciones para cualquier fin, incluido el desarrollo, producci\u00f3n y comercializaci\u00f3n de productos y servicios que incorporen tal informaci\u00f3n. Syufy podr\u00e1 reproducir, usar, divulgar y distribuir sus comunicaciones a otras partes sin limitaci\u00f3n. Por tanto, pedimos que no nos env\u00ede ninguna informaci\u00f3n o idea confidencial o de propiedad.<\/p>\n\n\n\n<p><strong>Uso indebido<\/strong><br>Usted acepta no publicar, remitir, transmitir, enviar por email, cargar, compartir, almacenar o de cualquier otro modo poner a disposici\u00f3n de cualquier contenido de tipo (i) ilegal, amenazante, acosador, intimidatorio, calumniador, falso, fraudulento, enga\u00f1oso, difamatorio, invasivo de la privacidad o los derechos de publicidad de otros, violento, insultante, de naturaleza sexual, da\u00f1ino para los individuos, incluidos menores, o que sea de otra forma objetable, ofensivo o indebido a juicio exclusivo de Syufy; o bien que (ii) vulnere cualquier contrato o acuerdo que tenga con Syufy; que (iii) incluya informaci\u00f3n personal o de identificaci\u00f3n sobre otra persona sin la autorizaci\u00f3n de esa persona; que (iv) constituya o contenga cualquier forma de publicidad comercial, comercializaci\u00f3n, solicitud o promoci\u00f3n, incluidos mensajes y v\u00ednculos con fines o beneficios comerciales; o que (v) pueda interrumpir, limitar, sobrecargar, da\u00f1ar, perjudicar, destruir o afectar negativamente de alguna otra manera la funcionalidad o el uso del sitio, incluido el contenido, mediante un virus de software o en una cantidad excesiva.<\/p>\n\n\n\n<p><strong>CL\u00c1USULA PARA ASUMIR RIESGO Y RENUNCIA A LA RESPONSABILIDAD.<\/strong><br>USTED COMPRENDE, RECONOCE Y ACEPTA DE FORMA EXPRESADA QUE EXISTEN RIESGOS INHERENTES AL ACCESO Y AL USO DEL SITIO, ENTRE ELLOS, LA P\u00c9RDIDA, ROBO, ACCESO NO AUTORIZADO, USO INDEBIDO O EL USO NO AUTORIZADO DE INFORMACI\u00d3N PERSONAL. USTED ASUME DE FORMA EXPRESADA TALES RIESGOS, ACUERDA ACCEDER Y USAR EL SITIO BAJO SU PROPIA RESPONSABILIDAD Y ACEPTA QUE RENUNCIA A TODA RECLAMACI\u00d3N EN CONTRA DE SYUFY Y SUS AFILIADOS, FUNCIONARIOS, EMPLEADOS, AGENTES, ASOCIADOS Y LICENCIATARIOS (&#8220;PARTES DE SYUFY&#8221;), CON RELACI\u00d3N A DICHO ACCESO O USO (INCLU\u00cdDAS RECLAMACIONES EN NOMBRE DE SUS HIJOS MENORES) POR CUALQUIER PERJUICIO, P\u00c9RDIDA O LESI\u00d3N DE CUALQUIER TIPO SOBRELLEVADA POR USTED O POR CUALQUIER PERSONA QUE FIGURE MEMBRES\u00cdA O BIEN DE SU HOGAR, QUE SEA COMO RESULTADO DE LA NEGLIGENCIA POR PARTE DE SYUFY, MAS NO TRAT\u00c1NDOSE DE AQUELLOS CASOS QUE RESULTEN DE NEGLIGENCIA GRAVE, MALA CONDUCTA INTENCIODA O INDIFERENCIA IMPRUDENCIAL, SALVO QUE LO PROH\u00cdBA LA LEY APLICABLE.<\/p>\n\n\n\n<p><strong>RENUNCIA DE GARANT\u00cdAS<\/strong><br>USTED ENTIENDE, RECONOCE Y ACEPTA EXPRESAMENTE QUE ACCEDE AL SITIO &#8220;TAL COMO ES, DONDE EST\u00c1 Y EN LA FORMA COMO SE PONE A DISPOSICI\u00d3N&#8221;. SYUFY NO ASUME RSPONSABILIDAD DE LOS PROBLEMAS QUE SURJAN A RA\u00cdZ DE O LAS DEFICIENCIAS EN EL CONTENIDO DEL SITIO O DE CUALQUIER FUNCIONALIDAD O SERVICIO ESPEC\u00cdFICO QUE AQUEL OFREZCA. SYUFY NO HACE DECLARACIONES EN CUANTO A GARANTIZA Y EXACTITUD, ADECUACI\u00d3N O INTEGRIDAD DE LA INFORMACI\u00d3N, MATERIAL Y SERVICIOS DEL SITIO O EL USO LIBRE ERRORES DEL SITIO. SYUFY NO ASUME RESPONSABILIDAD POR NING\u00daN PROBLEMA O DESPERFECTO T\u00c9CNICO DE NINGUNA RED O L\u00cdNEAS, SISTEMAS DE C\u00d3MPUTO EN L\u00cdNEA, SERVIDORES O PROVEEDORES, EQUIPO DE C\u00d3MPUTO, SOFTWARE, PROBLEMAS O CONGESTI\u00d3N DE TR\u00c1FICO EN INTERNET, INCLUIDOS PERJUICIOS O DA\u00d1OS A USUARIOS O A LA COMPUTADORA DE CUALQUIER OTRA PERSONA CON RELACI\u00d3N AL ACCESO O EL USO DEL SITIO O COMO RESULTADO DEL USO DEL SITIO. SYUFY PROPORCIONA EL SITIO SIN GARANT\u00cdA DE NING\u00daN TIPO, YA SEA EXPRESA O IMPL\u00cdCITA (EN LA MEDIDA EN QUE LO PERMITA LA LEGISLACI\u00d3N APLICABLE), INCLUIDAS LAS GARANT\u00cdAS DE COMERCIABILIDAD, IDONEIDAD PARA UN FIN DETERMINADO, NO INFRACCI\u00d3N Y AUSENCIA DE VIRUS INFORM\u00c1TICOS.<\/p>\n\n\n\n<p><strong>INDEMNIZACI\u00d3N<\/strong><br>USTED ACEPTA INDEMNIZAR Y LIBRAR DE RESPONSABILIDAD A LAS PARTES DE SYUFY EN CONTRA DE CUALQUIER P\u00c9RDIDA, EROGACI\u00d3N, PERJUICIO Y COSTO, INCLUIDOS HONORARIOS RAZONABLES DE ABOGADOS, QUE SEAN COMO RESULTADO, YA BIEN DIRECTO O INDIRECTO, DE QUE USTED TRANSGREDA ESTOS T\u00c9RMINOS. ASIMISMO, USTED ACEPTA INDEMNIZAR Y LIBRAR DE RESPONSABILIDAD A LAS PARTES DE SYUFY DE Y CONTRA DE TODA RECLAMACI\u00d3N INTERPUESTA POR TERCEROS A RA\u00cdZ DE SU USO DEL SITIO EN QUEBRANTAMIENTO DE ESTOS T\u00c9RMINOS O DEL CONTENIDO QUE PONGA A DISPOSICI\u00d3N POR MEDIO DEL SITIO POR CUALQUIER MEDIO, INCLUIDO MEDIANTE UN ANUNCIO, ENLACE, REFERENCIA A UN CONTENIDO O DE OTRA FORMA, SALVO QUE LA LEY APLICABLE LO PROHIBA.<\/p>\n\n\n\n<p><strong>LIMITACI\u00d3N DE RESPONSABILIDAD<\/strong><br>EN LA MEDIDA PERMITIDA POR LA LEY APLICABLE, USTED ENTIENDE Y ACEPTA DE FORMA MANIFIESTA QUE EN NING\u00daN CASO LAS PARTES DE SYUFY RESULTAR\u00c1N RESPONSABLES ANTE USTED O TODO TERCERO POR NING\u00daN PERJUICIO INDIRECTO, COMO CONSECUENCIA, EJEMPLAR, INCIDENTAL, ESPECIAL O PUNITIVO, INCLUIDOS PERJUICIO POR P\u00c9RDIDA DE BENEFICIOS, BUENA FE, USO, DATOS U OTRAS P\u00c9RDIDAS INTANGIBLES, COMO RESULTADO DE SU ACCESO O USO DEL SITIO, SU INCAPACIDAD PARA UTILIZAR EL SITIO O EL MAL FUNCIONAMIENTO DEL SITIO, O BIEN LAS DECLARACIONES O LA CONDUCTA DE CUALQUIER TERCERO CON RELACI\u00d3N CON EL SITIO.<\/p>\n\n\n\n<p><strong>General<\/strong><br>Si un tribunal de jurisdicci\u00f3n competente determina que cierta parte de estos t\u00e9rminos es inv\u00e1lida o inaplicable, dicha parte se modificar\u00e1 por parte del tribunal, solamente en la medida necesaria para que la parte en cuesti\u00f3n sea aplicable, y a fin de que t\u00e9rminos restantes permanezcan vigentes efecto. Usted acepta que el hecho de que Syufy no ejerciera o haga valer un derecho legal, un recurso o beneficio contenido en los presentes t\u00e9rminos o en cualquier ley aplicable no constituye que Syufy renuncia a su derecho a hacerlo en lo sucesivo. Salvo que el contexto indique lo contrario, se entender\u00e1 por &#8220;incluido&#8221; que no habr\u00e1 limitaci\u00f3n alguna.<\/p>\n<\/div>\n<\/div>\n<\/div><\/div>\n<\/div><\/div>\n","protected":false},"excerpt":{"rendered":"","protected":false},"author":29,"featured_media":0,"parent":0,"menu_order":0,"comment_status":"closed","ping_status":"closed","template":"","meta":{"_acf_changed":false,"footnotes":""},"class_list":["post-130","page","type-page","status-publish","hentry"],"acf":[],"yoast_head":"<!-- This site is optimized with the Yoast SEO Premium plugin v22.4 (Yoast SEO v27.3) - https:\/\/yoast.com\/product\/yoast-seo-premium-wordpress\/ -->\n<title>Terms Of Use<\/title>\n<meta name=\"description\" content=\"Review West Wind Public Markets website terms of use policy.\" \/>\n<meta name=\"robots\" content=\"index, follow, max-snippet:-1, max-image-preview:large, max-video-preview:-1\" \/>\n<link rel=\"canonical\" href=\"https:\/\/www.westwindpm.com\/es\/terms\" \/>\n<meta property=\"og:locale\" content=\"en_US\" \/>\n<meta property=\"og:type\" content=\"article\" \/>\n<meta property=\"og:title\" content=\"Terms Of Use\" \/>\n<meta property=\"og:description\" content=\"Review West Wind Public Markets website terms of use policy.\" \/>\n<meta property=\"og:url\" content=\"https:\/\/www.westwindpm.com\/es\/terms\" \/>\n<meta property=\"og:site_name\" content=\"West Wind Public Market Spanish\" \/>\n<meta property=\"article:modified_time\" content=\"2024-03-26T12:20:31+00:00\" \/>\n<meta name=\"twitter:card\" content=\"summary_large_image\" \/>\n<meta name=\"twitter:label1\" content=\"Est. reading time\" \/>\n\t<meta name=\"twitter:data1\" content=\"6 minutes\" \/>\n<script type=\"application\/ld+json\" class=\"yoast-schema-graph\">{\"@context\":\"https:\\\/\\\/schema.org\",\"@graph\":[{\"@type\":\"WebPage\",\"@id\":\"https:\\\/\\\/www.westwindpm.com\\\/es\\\/terms\",\"url\":\"https:\\\/\\\/www.westwindpm.com\\\/es\\\/terms\",\"name\":\"Terms Of Use\",\"isPartOf\":{\"@id\":\"https:\\\/\\\/www.westwindpm.com\\\/es\\\/#website\"},\"datePublished\":\"2023-11-30T05:52:43+00:00\",\"dateModified\":\"2024-03-26T12:20:31+00:00\",\"description\":\"Review West Wind Public Markets website terms of use policy.\",\"breadcrumb\":{\"@id\":\"https:\\\/\\\/www.westwindpm.com\\\/es\\\/terms#breadcrumb\"},\"inLanguage\":\"en-US\",\"potentialAction\":[{\"@type\":\"ReadAction\",\"target\":[\"https:\\\/\\\/www.westwindpm.com\\\/es\\\/terms\"]}]},{\"@type\":\"BreadcrumbList\",\"@id\":\"https:\\\/\\\/www.westwindpm.com\\\/es\\\/terms#breadcrumb\",\"itemListElement\":[{\"@type\":\"ListItem\",\"position\":1,\"name\":\"Home\",\"item\":\"https:\\\/\\\/www.westwindpm.com\\\/es\\\/\"},{\"@type\":\"ListItem\",\"position\":2,\"name\":\"Terms Of Use\"}]},{\"@type\":\"WebSite\",\"@id\":\"https:\\\/\\\/www.westwindpm.com\\\/es\\\/#website\",\"url\":\"https:\\\/\\\/www.westwindpm.com\\\/es\\\/\",\"name\":\"West Wind Public Market Spanish\",\"description\":\"\",\"publisher\":{\"@id\":\"https:\\\/\\\/www.westwindpm.com\\\/es\\\/#organization\"},\"potentialAction\":[{\"@type\":\"SearchAction\",\"target\":{\"@type\":\"EntryPoint\",\"urlTemplate\":\"https:\\\/\\\/www.westwindpm.com\\\/es\\\/?s={search_term_string}\"},\"query-input\":{\"@type\":\"PropertyValueSpecification\",\"valueRequired\":true,\"valueName\":\"search_term_string\"}}],\"inLanguage\":\"en-US\"},{\"@type\":\"Organization\",\"@id\":\"https:\\\/\\\/www.westwindpm.com\\\/es\\\/#organization\",\"name\":\"West Wind Public Market Spanish\",\"url\":\"https:\\\/\\\/www.westwindpm.com\\\/es\\\/\",\"logo\":{\"@type\":\"ImageObject\",\"inLanguage\":\"en-US\",\"@id\":\"https:\\\/\\\/www.westwindpm.com\\\/es\\\/#\\\/schema\\\/logo\\\/image\\\/\",\"url\":\"https:\\\/\\\/www.westwindpm.com\\\/es\\\/wp-content\\\/uploads\\\/sites\\\/7\\\/2024\\\/01\\\/westwind_pm_web.svg\",\"contentUrl\":\"https:\\\/\\\/www.westwindpm.com\\\/es\\\/wp-content\\\/uploads\\\/sites\\\/7\\\/2024\\\/01\\\/westwind_pm_web.svg\",\"caption\":\"West Wind Public Market Spanish\"},\"image\":{\"@id\":\"https:\\\/\\\/www.westwindpm.com\\\/es\\\/#\\\/schema\\\/logo\\\/image\\\/\"}}]}<\/script>\n<!-- \/ Yoast SEO Premium plugin. -->","yoast_head_json":{"title":"Terms Of Use","description":"Review West Wind Public Markets website terms of use policy.","robots":{"index":"index","follow":"follow","max-snippet":"max-snippet:-1","max-image-preview":"max-image-preview:large","max-video-preview":"max-video-preview:-1"},"canonical":"https:\/\/www.westwindpm.com\/es\/terms","og_locale":"en_US","og_type":"article","og_title":"Terms Of Use","og_description":"Review West Wind Public Markets website terms of use policy.","og_url":"https:\/\/www.westwindpm.com\/es\/terms","og_site_name":"West Wind Public Market Spanish","article_modified_time":"2024-03-26T12:20:31+00:00","twitter_card":"summary_large_image","twitter_misc":{"Est. reading time":"6 minutes"},"schema":{"@context":"https:\/\/schema.org","@graph":[{"@type":"WebPage","@id":"https:\/\/www.westwindpm.com\/es\/terms","url":"https:\/\/www.westwindpm.com\/es\/terms","name":"Terms Of Use","isPartOf":{"@id":"https:\/\/www.westwindpm.com\/es\/#website"},"datePublished":"2023-11-30T05:52:43+00:00","dateModified":"2024-03-26T12:20:31+00:00","description":"Review West Wind Public Markets website terms of use policy.","breadcrumb":{"@id":"https:\/\/www.westwindpm.com\/es\/terms#breadcrumb"},"inLanguage":"en-US","potentialAction":[{"@type":"ReadAction","target":["https:\/\/www.westwindpm.com\/es\/terms"]}]},{"@type":"BreadcrumbList","@id":"https:\/\/www.westwindpm.com\/es\/terms#breadcrumb","itemListElement":[{"@type":"ListItem","position":1,"name":"Home","item":"https:\/\/www.westwindpm.com\/es\/"},{"@type":"ListItem","position":2,"name":"Terms Of Use"}]},{"@type":"WebSite","@id":"https:\/\/www.westwindpm.com\/es\/#website","url":"https:\/\/www.westwindpm.com\/es\/","name":"West Wind Public Market Spanish","description":"","publisher":{"@id":"https:\/\/www.westwindpm.com\/es\/#organization"},"potentialAction":[{"@type":"SearchAction","target":{"@type":"EntryPoint","urlTemplate":"https:\/\/www.westwindpm.com\/es\/?s={search_term_string}"},"query-input":{"@type":"PropertyValueSpecification","valueRequired":true,"valueName":"search_term_string"}}],"inLanguage":"en-US"},{"@type":"Organization","@id":"https:\/\/www.westwindpm.com\/es\/#organization","name":"West Wind Public Market Spanish","url":"https:\/\/www.westwindpm.com\/es\/","logo":{"@type":"ImageObject","inLanguage":"en-US","@id":"https:\/\/www.westwindpm.com\/es\/#\/schema\/logo\/image\/","url":"https:\/\/www.westwindpm.com\/es\/wp-content\/uploads\/sites\/7\/2024\/01\/westwind_pm_web.svg","contentUrl":"https:\/\/www.westwindpm.com\/es\/wp-content\/uploads\/sites\/7\/2024\/01\/westwind_pm_web.svg","caption":"West Wind Public Market Spanish"},"image":{"@id":"https:\/\/www.westwindpm.com\/es\/#\/schema\/logo\/image\/"}}]}},"parsely":{"version":"1.1.0","canonical_url":"https:\/\/es.westwindpm.com\/es\/terms","smart_links":{"inbound":0,"outbound":0},"traffic_boost_suggestions_count":0,"meta":{"@context":"https:\/\/schema.org","@type":"WebPage","headline":"Terms Of Use","url":"http:\/\/www.westwindpm.com\/es\/terms","mainEntityOfPage":{"@type":"WebPage","@id":"http:\/\/www.westwindpm.com\/es\/terms"},"thumbnailUrl":"","image":{"@type":"ImageObject","url":""},"articleSection":"Uncategorized","author":[{"@type":"Person","name":"maniscalco"}],"creator":["maniscalco"],"publisher":{"@type":"Organization","name":"West Wind Public Market Spanish","logo":""},"keywords":[],"dateCreated":"2023-11-30T05:52:43Z","datePublished":"2023-11-30T05:52:43Z","dateModified":"2024-03-26T12:20:31Z"},"rendered":"<script type=\"application\/ld+json\" class=\"wp-parsely-metadata\">{\"@context\":\"https:\\\/\\\/schema.org\",\"@type\":\"WebPage\",\"headline\":\"Terms Of Use\",\"url\":\"http:\\\/\\\/www.westwindpm.com\\\/es\\\/terms\",\"mainEntityOfPage\":{\"@type\":\"WebPage\",\"@id\":\"http:\\\/\\\/www.westwindpm.com\\\/es\\\/terms\"},\"thumbnailUrl\":\"\",\"image\":{\"@type\":\"ImageObject\",\"url\":\"\"},\"articleSection\":\"Uncategorized\",\"author\":[{\"@type\":\"Person\",\"name\":\"maniscalco\"}],\"creator\":[\"maniscalco\"],\"publisher\":{\"@type\":\"Organization\",\"name\":\"West Wind Public Market Spanish\",\"logo\":\"\"},\"keywords\":[],\"dateCreated\":\"2023-11-30T05:52:43Z\",\"datePublished\":\"2023-11-30T05:52:43Z\",\"dateModified\":\"2024-03-26T12:20:31Z\"}<\/script>","tracker_url":"https:\/\/cdn.parsely.com\/keys\/es.westwindpm.com\/p.js"},"jetpack_sharing_enabled":true,"_links":{"self":[{"href":"https:\/\/www.westwindpm.com\/es\/wp-json\/wp\/v2\/pages\/130","targetHints":{"allow":["GET"]}}],"collection":[{"href":"https:\/\/www.westwindpm.com\/es\/wp-json\/wp\/v2\/pages"}],"about":[{"href":"https:\/\/www.westwindpm.com\/es\/wp-json\/wp\/v2\/types\/page"}],"author":[{"embeddable":true,"href":"https:\/\/www.westwindpm.com\/es\/wp-json\/wp\/v2\/users\/29"}],"replies":[{"embeddable":true,"href":"https:\/\/www.westwindpm.com\/es\/wp-json\/wp\/v2\/comments?post=130"}],"version-history":[{"count":8,"href":"https:\/\/www.westwindpm.com\/es\/wp-json\/wp\/v2\/pages\/130\/revisions"}],"predecessor-version":[{"id":2174,"href":"https:\/\/www.westwindpm.com\/es\/wp-json\/wp\/v2\/pages\/130\/revisions\/2174"}],"wp:attachment":[{"href":"https:\/\/www.westwindpm.com\/es\/wp-json\/wp\/v2\/media?parent=130"}],"curies":[{"name":"wp","href":"https:\/\/api.w.org\/{rel}","templated":true}]}}